{"id":220,"date":"2026-02-24T21:49:39","date_gmt":"2026-02-24T21:49:39","guid":{"rendered":"https:\/\/obralift.net\/?page_id=220"},"modified":"2026-02-25T14:54:54","modified_gmt":"2026-02-25T14:54:54","slug":"albanileria","status":"publish","type":"page","link":"https:\/\/obralift.net\/en\/albanileria\/","title":{"rendered":"Masonry"},"content":{"rendered":"<div data-elementor-type=\"wp-page\" data-elementor-id=\"220\" class=\"elementor elementor-220\" data-elementor-post-type=\"page\">\n\t\t\t\t<div class=\"elementor-element elementor-element-ddcee0c e-flex e-con-boxed e-con e-parent\" data-id=\"ddcee0c\" data-element_type=\"container\" data-e-type=\"container\" data-settings=\"{&quot;background_background&quot;:&quot;classic&quot;,&quot;shape_divider_bottom&quot;:&quot;tilt&quot;}\">\n\t\t\t\t\t<div class=\"e-con-inner\">\n\t\t\t\t<div class=\"elementor-shape elementor-shape-bottom\" aria-hidden=\"true\" data-negative=\"false\">\n\t\t\t<svg xmlns=\"http:\/\/www.w3.org\/2000\/svg\" viewbox=\"0 0 1000 100\" preserveaspectratio=\"none\">\n\t<path class=\"elementor-shape-fill\" d=\"M0,6V0h1000v100L0,6z\"\/>\n<\/svg>\t\t<\/div>\n\t\t<div class=\"elementor-element elementor-element-0186416 e-con-full e-flex e-con e-child\" data-id=\"0186416\" data-element_type=\"container\" data-e-type=\"container\">\n\t\t\t\t<div class=\"elementor-element elementor-element-20ffa00 elementor-widget elementor-widget-heading\" data-id=\"20ffa00\" data-element_type=\"widget\" data-e-type=\"widget\" data-widget_type=\"heading.default\">\n\t\t\t\t\t<h1 class=\"elementor-heading-title elementor-size-default\">MASONRY SERVICES<\/h1>\t\t\t\t<\/div>\n\t\t\t\t<div class=\"elementor-element elementor-element-698fefc elementor-widget__width-initial elementor-widget elementor-widget-text-editor\" data-id=\"698fefc\" data-element_type=\"widget\" data-e-type=\"widget\" data-widget_type=\"text-editor.default\">\n\t\t\t\t\t\t\t\t\t<p>Construction and renovation of structural and non-structural elements using materials such as brick, cement, and concrete.<\/p>\t\t\t\t\t\t\t\t<\/div>\n\t\t\t\t<\/div>\n\t\t\t\t\t<\/div>\n\t\t\t\t<\/div>\n\t\t<div class=\"elementor-element elementor-element-8bc3f6b e-flex e-con-boxed e-con e-parent\" data-id=\"8bc3f6b\" data-element_type=\"container\" data-e-type=\"container\" id=\"obras\" data-settings=\"{&quot;background_background&quot;:&quot;classic&quot;}\">\n\t\t\t\t\t<div class=\"e-con-inner\">\n\t\t<div class=\"elementor-element elementor-element-cbbe97f e-con-full e-flex e-con e-child\" data-id=\"cbbe97f\" data-element_type=\"container\" data-e-type=\"container\">\n\t\t\t\t<div class=\"elementor-element elementor-element-b7bbc3e elementor-widget elementor-widget-heading\" data-id=\"b7bbc3e\" data-element_type=\"widget\" data-e-type=\"widget\" data-widget_type=\"heading.default\">\n\t\t\t\t\t<h2 class=\"elementor-heading-title elementor-size-default\">Strength &amp; Innovation<\/h2>\t\t\t\t<\/div>\n\t\t\t\t<div class=\"elementor-element elementor-element-4bd72e6 elementor-widget__width-initial elementor-widget elementor-widget-text-editor\" data-id=\"4bd72e6\" data-element_type=\"widget\" data-e-type=\"widget\" data-widget_type=\"text-editor.default\">\n\t\t\t\t\t\t\t\t\t<p>We handle everything from comprehensive renovations to technical adaptations for lifting systems. Our technical expertise allows us to guarantee solid, aesthetic, and functional results in every civil engineering project.<\/p>\t\t\t\t\t\t\t\t<\/div>\n\t\t\t\t<\/div>\n\t\t<div class=\"elementor-element elementor-element-22de99b e-con-full e-flex e-con e-child\" data-id=\"22de99b\" data-element_type=\"container\" data-e-type=\"container\">\n\t\t\t\t<div class=\"elementor-element elementor-element-b852421 elementor-widget__width-initial elementor-icon-list--layout-traditional elementor-list-item-link-full_width elementor-widget elementor-widget-icon-list\" data-id=\"b852421\" data-element_type=\"widget\" data-e-type=\"widget\" data-widget_type=\"icon-list.default\">\n\t\t\t\t\t\t\t<ul class=\"elementor-icon-list-items\">\n\t\t\t\t\t\t\t<li class=\"elementor-icon-list-item\">\n\t\t\t\t\t\t\t\t\t\t\t<span class=\"elementor-icon-list-icon\">\n\t\t\t\t\t\t\t<svg aria-hidden=\"true\" class=\"e-font-icon-svg e-fas-check\" viewbox=\"0 0 512 512\" xmlns=\"http:\/\/www.w3.org\/2000\/svg\"><path d=\"M173.898 439.404l-166.4-166.4c-9.997-9.997-9.997-26.206 0-36.204l36.203-36.204c9.997-9.998 26.207-9.998 36.204 0L192 312.69 432.095 72.596c9.997-9.997 26.207-9.997 36.204 0l36.203 36.204c9.997 9.997 9.997 26.206 0 36.204l-294.4 294.401c-9.998 9.997-26.207 9.997-36.204-.001z\"><\/path><\/svg>\t\t\t\t\t\t<\/span>\n\t\t\t\t\t\t\t\t\t\t<span class=\"elementor-icon-list-text\">Comprehensive renovations and partitioning.<\/span>\n\t\t\t\t\t\t\t\t\t<\/li>\n\t\t\t\t\t\t\t\t<li class=\"elementor-icon-list-item\">\n\t\t\t\t\t\t\t\t\t\t\t<span class=\"elementor-icon-list-icon\">\n\t\t\t\t\t\t\t<svg aria-hidden=\"true\" class=\"e-font-icon-svg e-fas-check\" viewbox=\"0 0 512 512\" xmlns=\"http:\/\/www.w3.org\/2000\/svg\"><path d=\"M173.898 439.404l-166.4-166.4c-9.997-9.997-9.997-26.206 0-36.204l36.203-36.204c9.997-9.998 26.207-9.998 36.204 0L192 312.69 432.095 72.596c9.997-9.997 26.207-9.997 36.204 0l36.203 36.204c9.997 9.997 9.997 26.206 0 36.204l-294.4 294.401c-9.998 9.997-26.207 9.997-36.204-.001z\"><\/path><\/svg>\t\t\t\t\t\t<\/span>\n\t\t\t\t\t\t\t\t\t\t<span class=\"elementor-icon-list-text\">Flooring and wall tiling installation.<\/span>\n\t\t\t\t\t\t\t\t\t<\/li>\n\t\t\t\t\t\t\t\t<li class=\"elementor-icon-list-item\">\n\t\t\t\t\t\t\t\t\t\t\t<span class=\"elementor-icon-list-icon\">\n\t\t\t\t\t\t\t<svg aria-hidden=\"true\" class=\"e-font-icon-svg e-fas-check\" viewbox=\"0 0 512 512\" xmlns=\"http:\/\/www.w3.org\/2000\/svg\"><path d=\"M173.898 439.404l-166.4-166.4c-9.997-9.997-9.997-26.206 0-36.204l36.203-36.204c9.997-9.998 26.207-9.998 36.204 0L192 312.69 432.095 72.596c9.997-9.997 26.207-9.997 36.204 0l36.203 36.204c9.997 9.997 9.997 26.206 0 36.204l-294.4 294.401c-9.998 9.997-26.207 9.997-36.204-.001z\"><\/path><\/svg>\t\t\t\t\t\t<\/span>\n\t\t\t\t\t\t\t\t\t\t<span class=\"elementor-icon-list-text\">Technical adaptations for Cibes and Stiltz lifts.<\/span>\n\t\t\t\t\t\t\t\t\t<\/li>\n\t\t\t\t\t\t\t\t<li class=\"elementor-icon-list-item\">\n\t\t\t\t\t\t\t\t\t\t\t<span class=\"elementor-icon-list-icon\">\n\t\t\t\t\t\t\t<svg aria-hidden=\"true\" class=\"e-font-icon-svg e-fas-check\" viewbox=\"0 0 512 512\" xmlns=\"http:\/\/www.w3.org\/2000\/svg\"><path d=\"M173.898 439.404l-166.4-166.4c-9.997-9.997-9.997-26.206 0-36.204l36.203-36.204c9.997-9.998 26.207-9.998 36.204 0L192 312.69 432.095 72.596c9.997-9.997 26.207-9.997 36.204 0l36.203 36.204c9.997 9.997 9.997 26.206 0 36.204l-294.4 294.401c-9.998 9.997-26.207 9.997-36.204-.001z\"><\/path><\/svg>\t\t\t\t\t\t<\/span>\n\t\t\t\t\t\t\t\t\t\t<span class=\"elementor-icon-list-text\">Precision structural repairs.<\/span>\n\t\t\t\t\t\t\t\t\t<\/li>\n\t\t\t\t\t\t<\/ul>\n\t\t\t\t\t\t<\/div>\n\t\t\t\t<\/div>\n\t\t\t\t\t<\/div>\n\t\t\t\t<\/div>\n\t\t<div class=\"elementor-element elementor-element-bcc576f e-flex e-con-boxed e-con e-parent\" data-id=\"bcc576f\" data-element_type=\"container\" data-e-type=\"container\" data-settings=\"{&quot;background_background&quot;:&quot;classic&quot;}\">\n\t\t\t\t\t<div class=\"e-con-inner\">\n\t\t<div class=\"elementor-element elementor-element-f592403 e-con-full e-flex e-con e-child\" data-id=\"f592403\" data-element_type=\"container\" data-e-type=\"container\">\n\t\t\t\t<div class=\"elementor-element elementor-element-ebd07f4 elementor-widget elementor-widget-heading\" data-id=\"ebd07f4\" data-element_type=\"widget\" data-e-type=\"widget\" data-widget_type=\"heading.default\">\n\t\t\t\t\t<h3 class=\"elementor-heading-title elementor-size-default\">FREQUENTLY ASKED QUESTIONS<\/h3>\t\t\t\t<\/div>\n\t\t\t\t<div class=\"elementor-element elementor-element-6ea0eae elementor-widget elementor-widget-eael-adv-accordion\" data-id=\"6ea0eae\" data-element_type=\"widget\" data-e-type=\"widget\" data-widget_type=\"eael-adv-accordion.default\">\n\t\t\t\t\t            <div class=\"eael-adv-accordion\" id=\"eael-adv-accordion-6ea0eae\" data-scroll-on-click=\"no\" data-scroll-speed=\"300\" data-accordion-id=\"6ea0eae\" data-accordion-type=\"accordion\" data-toogle-speed=\"300\">\n            <div class=\"eael-accordion-list\">\n\t\t\t\t\t<div id=\"qu-trabajos-de-albailera-realizan\" class=\"elementor-tab-title eael-accordion-header\" tabindex=\"0\" data-tab=\"1\" aria-controls=\"elementor-tab-content-1161\"><span class=\"eael-accordion-tab-title\">What types of masonry work do you perform?<\/span><svg aria-hidden=\"true\" class=\"fa-toggle e-font-icon-svg e-fas-angle-right\" viewbox=\"0 0 256 512\" xmlns=\"http:\/\/www.w3.org\/2000\/svg\"><path d=\"M224.3 273l-136 136c-9.4 9.4-24.6 9.4-33.9 0l-22.6-22.6c-9.4-9.4-9.4-24.6 0-33.9l96.4-96.4-96.4-96.4c-9.4-9.4-9.4-24.6 0-33.9L54.3 103c9.4-9.4 24.6-9.4 33.9 0l136 136c9.5 9.4 9.5 24.6.1 34z\"><\/path><\/svg><\/div><div id=\"elementor-tab-content-1161\" class=\"eael-accordion-content clearfix\" data-tab=\"1\" aria-labelledby=\"qu-trabajos-de-albailera-realizan\"><p>We handle everything from comprehensive renovations and partition wall construction to flooring, tiling, and structural repairs. We also specialize in the technical adaptations required for the installation of Stiltz and Cibes lifts.<\/p><\/div>\n\t\t\t\t\t<\/div><div class=\"eael-accordion-list\">\n\t\t\t\t\t<div id=\"cmo-se-puede-pedir-un-presupuesto-de-albailera\" class=\"elementor-tab-title eael-accordion-header\" tabindex=\"0\" data-tab=\"2\" aria-controls=\"elementor-tab-content-1162\"><span class=\"eael-accordion-tab-title\">How can I request a quote?<\/span><svg aria-hidden=\"true\" class=\"fa-toggle e-font-icon-svg e-fas-angle-right\" viewbox=\"0 0 256 512\" xmlns=\"http:\/\/www.w3.org\/2000\/svg\"><path d=\"M224.3 273l-136 136c-9.4 9.4-24.6 9.4-33.9 0l-22.6-22.6c-9.4-9.4-9.4-24.6 0-33.9l96.4-96.4-96.4-96.4c-9.4-9.4-9.4-24.6 0-33.9L54.3 103c9.4-9.4 24.6-9.4 33.9 0l136 136c9.5 9.4 9.5 24.6.1 34z\"><\/path><\/svg><\/div><div id=\"elementor-tab-content-1162\" class=\"eael-accordion-content clearfix\" data-tab=\"2\" aria-labelledby=\"cmo-se-puede-pedir-un-presupuesto-de-albailera\"><p>You can request a quote through our website form, via WhatsApp, or by scheduling a technical site visit. We evaluate the project on-site to provide you with a detailed, transparent, and no-obligation proposal.<\/p><\/div>\n\t\t\t\t\t<\/div><div class=\"eael-accordion-list\">\n\t\t\t\t\t<div id=\"de-qu-depende-el-coste-de-un-trabajo-de-albailera\" class=\"elementor-tab-title eael-accordion-header\" tabindex=\"0\" data-tab=\"3\" aria-controls=\"elementor-tab-content-1163\"><span class=\"eael-accordion-tab-title\">What factors influence the cost of masonry work?<\/span><svg aria-hidden=\"true\" class=\"fa-toggle e-font-icon-svg e-fas-angle-right\" viewbox=\"0 0 256 512\" xmlns=\"http:\/\/www.w3.org\/2000\/svg\"><path d=\"M224.3 273l-136 136c-9.4 9.4-24.6 9.4-33.9 0l-22.6-22.6c-9.4-9.4-9.4-24.6 0-33.9l96.4-96.4-96.4-96.4c-9.4-9.4-9.4-24.6 0-33.9L54.3 103c9.4-9.4 24.6-9.4 33.9 0l136 136c9.5 9.4 9.5 24.6.1 34z\"><\/path><\/svg><\/div><div id=\"elementor-tab-content-1163\" class=\"eael-accordion-content clearfix\" data-tab=\"3\" aria-labelledby=\"de-qu-depende-el-coste-de-un-trabajo-de-albailera\"><p>The final price varies based on the complexity of the project, the total square footage, and the quality of the materials selected. Other factors include site accessibility and the need for debris removal or prior demolition.<\/p><\/div>\n\t\t\t\t\t<\/div><div class=\"eael-accordion-list\">\n\t\t\t\t\t<div id=\"cmo-se-suele-calcular-la-mano-de-obra-por-horas-o-por-metro-cuadrado\" class=\"elementor-tab-title eael-accordion-header\" tabindex=\"0\" data-tab=\"4\" aria-controls=\"elementor-tab-content-1164\"><span class=\"eael-accordion-tab-title\">Is labor usually calculated per hour or per square meter?<\/span><svg aria-hidden=\"true\" class=\"fa-toggle e-font-icon-svg e-fas-angle-right\" viewbox=\"0 0 256 512\" xmlns=\"http:\/\/www.w3.org\/2000\/svg\"><path d=\"M224.3 273l-136 136c-9.4 9.4-24.6 9.4-33.9 0l-22.6-22.6c-9.4-9.4-9.4-24.6 0-33.9l96.4-96.4-96.4-96.4c-9.4-9.4-9.4-24.6 0-33.9L54.3 103c9.4-9.4 24.6-9.4 33.9 0l136 136c9.5 9.4 9.5 24.6.1 34z\"><\/path><\/svg><\/div><div id=\"elementor-tab-content-1164\" class=\"eael-accordion-content clearfix\" data-tab=\"4\" aria-labelledby=\"cmo-se-suele-calcular-la-mano-de-obra-por-horas-o-por-metro-cuadrado\"><p>For renovations and general construction, we typically quote per square meter or per project unit (for example, a flat rate for a finished bathroom). This gives our clients peace of mind by knowing the total cost upfront, regardless of how long the job takes.<\/p><\/div>\n\t\t\t\t\t<\/div><div class=\"eael-accordion-list\">\n\t\t\t\t\t<div id=\"qu-suele-incluir-un-presupuesto-de-albailera\" class=\"elementor-tab-title eael-accordion-header\" tabindex=\"0\" data-tab=\"5\" aria-controls=\"elementor-tab-content-1165\"><span class=\"eael-accordion-tab-title\">What is typically included in a quote?<\/span><svg aria-hidden=\"true\" class=\"fa-toggle e-font-icon-svg e-fas-angle-right\" viewbox=\"0 0 256 512\" xmlns=\"http:\/\/www.w3.org\/2000\/svg\"><path d=\"M224.3 273l-136 136c-9.4 9.4-24.6 9.4-33.9 0l-22.6-22.6c-9.4-9.4-9.4-24.6 0-33.9l96.4-96.4-96.4-96.4c-9.4-9.4-9.4-24.6 0-33.9L54.3 103c9.4-9.4 24.6-9.4 33.9 0l136 136c9.5 9.4 9.5 24.6.1 34z\"><\/path><\/svg><\/div><div id=\"elementor-tab-content-1165\" class=\"eael-accordion-content clearfix\" data-tab=\"5\" aria-labelledby=\"qu-suele-incluir-un-presupuesto-de-albailera\"><p>Our quotes include skilled labor, construction materials (cement, sand, bricks), and, upon request, material transport and skip\/container rentals for debris. We itemize every detail to avoid any \"surprise\" charges.<\/p><\/div>\n\t\t\t\t\t<\/div><div class=\"eael-accordion-list\">\n\t\t\t\t\t<div id=\"cunto-tiempo-puede-llevar-un-trabajo-de-albailera-o-una-reforma\" class=\"elementor-tab-title eael-accordion-header\" tabindex=\"0\" data-tab=\"6\" aria-controls=\"elementor-tab-content-1166\"><span class=\"eael-accordion-tab-title\">How long does a masonry job or renovation take?<\/span><svg aria-hidden=\"true\" class=\"fa-toggle e-font-icon-svg e-fas-angle-right\" viewbox=\"0 0 256 512\" xmlns=\"http:\/\/www.w3.org\/2000\/svg\"><path d=\"M224.3 273l-136 136c-9.4 9.4-24.6 9.4-33.9 0l-22.6-22.6c-9.4-9.4-9.4-24.6 0-33.9l96.4-96.4-96.4-96.4c-9.4-9.4-9.4-24.6 0-33.9L54.3 103c9.4-9.4 24.6-9.4 33.9 0l136 136c9.5 9.4 9.5 24.6.1 34z\"><\/path><\/svg><\/div><div id=\"elementor-tab-content-1166\" class=\"eael-accordion-content clearfix\" data-tab=\"6\" aria-labelledby=\"cunto-tiempo-puede-llevar-un-trabajo-de-albailera-o-una-reforma\"><p>A minor repair can take between 1 and 3 days, while a comprehensive home renovation may last 4 to 8 weeks. For lift adaptations, the timeframe is much shorter\u2014typically just a few days.<\/p><\/div>\n\t\t\t\t\t<\/div><div class=\"eael-accordion-list\">\n\t\t\t\t\t<div id=\"se-pueden-atender-reparaciones-urgentes\" class=\"elementor-tab-title eael-accordion-header\" tabindex=\"0\" data-tab=\"7\" aria-controls=\"elementor-tab-content-1167\"><span class=\"eael-accordion-tab-title\">Do you handle emergency repairs?<\/span><svg aria-hidden=\"true\" class=\"fa-toggle e-font-icon-svg e-fas-angle-right\" viewbox=\"0 0 256 512\" xmlns=\"http:\/\/www.w3.org\/2000\/svg\"><path d=\"M224.3 273l-136 136c-9.4 9.4-24.6 9.4-33.9 0l-22.6-22.6c-9.4-9.4-9.4-24.6 0-33.9l96.4-96.4-96.4-96.4c-9.4-9.4-9.4-24.6 0-33.9L54.3 103c9.4-9.4 24.6-9.4 33.9 0l136 136c9.5 9.4 9.5 24.6.1 34z\"><\/path><\/svg><\/div><div id=\"elementor-tab-content-1167\" class=\"eael-accordion-content clearfix\" data-tab=\"7\" aria-labelledby=\"se-pueden-atender-reparaciones-urgentes\"><p>Yes, we have a team ready to address structural emergencies or leaks that require immediate intervention. We prioritize these requests to minimize property damage and ensure the safety of the residents.<\/p><\/div>\n\t\t\t\t\t<\/div><div class=\"eael-accordion-list\">\n\t\t\t\t\t<div id=\"trabajan-con-particulares-para-reformas-y-obras-en-viviendas\" class=\"elementor-tab-title eael-accordion-header\" tabindex=\"0\" data-tab=\"8\" aria-controls=\"elementor-tab-content-1168\"><span class=\"eael-accordion-tab-title\">Do you work with private homeowners for residential renovations?<\/span><svg aria-hidden=\"true\" class=\"fa-toggle e-font-icon-svg e-fas-angle-right\" viewbox=\"0 0 256 512\" xmlns=\"http:\/\/www.w3.org\/2000\/svg\"><path d=\"M224.3 273l-136 136c-9.4 9.4-24.6 9.4-33.9 0l-22.6-22.6c-9.4-9.4-9.4-24.6 0-33.9l96.4-96.4-96.4-96.4c-9.4-9.4-9.4-24.6 0-33.9L54.3 103c9.4-9.4 24.6-9.4 33.9 0l136 136c9.5 9.4 9.5 24.6.1 34z\"><\/path><\/svg><\/div><div id=\"elementor-tab-content-1168\" class=\"eael-accordion-content clearfix\" data-tab=\"8\" aria-labelledby=\"trabajan-con-particulares-para-reformas-y-obras-en-viviendas\"><p>Absolutely. The core of our business is helping private clients improve their homes, whether through aesthetic and functional renovations or by enhancing accessibility with lifting systems.<\/p><\/div>\n\t\t\t\t\t<\/div><\/div>\t\t\t\t<\/div>\n\t\t\t\t<\/div>\n\t\t\t\t\t<\/div>\n\t\t\t\t<\/div>\n\t\t\t\t<\/div>","protected":false},"excerpt":{"rendered":"<p>SERVICIO DE ALBA\u00d1ILER\u00cdA Construcci\u00f3n y reforma de elementos estructurales y no estructurales con materiales como ladrillos, cemento, y hormig\u00f3n. Solidez e Innovaci\u00f3n Realizamos desde reformas integrales hasta adecuaciones t\u00e9cnicas para sistemas de elevaci\u00f3n. Nuestra experiencia t\u00e9cnica nos permite garantizar resultados s\u00f3lidos, est\u00e9ticos y funcionales en cada proyecto de obra civil. Reformas integrales y tabiquer\u00eda. Colocaci\u00f3n [&hellip;]<\/p>\n","protected":false},"author":1,"featured_media":0,"parent":0,"menu_order":0,"comment_status":"closed","ping_status":"closed","template":"elementor_header_footer","meta":{"footnotes":""},"class_list":["post-220","page","type-page","status-publish","hentry"],"yoast_head":"<!-- This site is optimized with the Yoast SEO plugin v27.0 - https:\/\/yoast.com\/product\/yoast-seo-wordpress\/ -->\n<title>Alba\u00f1iler\u00eda - obralift.net<\/title>\n<meta name=\"robots\" content=\"index, follow, max-snippet:-1, max-image-preview:large, max-video-preview:-1\" \/>\n<link rel=\"canonical\" href=\"https:\/\/obralift.net\/en\/albanileria\/\" \/>\n<meta property=\"og:locale\" content=\"en_US\" \/>\n<meta property=\"og:type\" content=\"article\" \/>\n<meta property=\"og:title\" content=\"Alba\u00f1iler\u00eda - obralift.net\" \/>\n<meta property=\"og:description\" content=\"SERVICIO DE ALBA\u00d1ILER\u00cdA Construcci\u00f3n y reforma de elementos estructurales y no estructurales con materiales como ladrillos, cemento, y hormig\u00f3n. Solidez e Innovaci\u00f3n Realizamos desde reformas integrales hasta adecuaciones t\u00e9cnicas para sistemas de elevaci\u00f3n. Nuestra experiencia t\u00e9cnica nos permite garantizar resultados s\u00f3lidos, est\u00e9ticos y funcionales en cada proyecto de obra civil. Reformas integrales y tabiquer\u00eda. Colocaci\u00f3n [&hellip;]\" \/>\n<meta property=\"og:url\" content=\"https:\/\/obralift.net\/en\/albanileria\/\" \/>\n<meta property=\"og:site_name\" content=\"obralift.net\" \/>\n<meta property=\"article:modified_time\" content=\"2026-02-25T14:54:54+00:00\" \/>\n<meta name=\"twitter:card\" content=\"summary_large_image\" \/>\n<meta name=\"twitter:label1\" content=\"Est. reading time\" \/>\n\t<meta name=\"twitter:data1\" content=\"2 minutes\" \/>\n<script type=\"application\/ld+json\" class=\"yoast-schema-graph\">{\"@context\":\"https:\/\/schema.org\",\"@graph\":[{\"@type\":\"WebPage\",\"@id\":\"https:\/\/obralift.net\/albanileria\/\",\"url\":\"https:\/\/obralift.net\/albanileria\/\",\"name\":\"Alba\u00f1iler\u00eda - obralift.net\",\"isPartOf\":{\"@id\":\"https:\/\/obralift.net\/#website\"},\"datePublished\":\"2026-02-24T21:49:39+00:00\",\"dateModified\":\"2026-02-25T14:54:54+00:00\",\"breadcrumb\":{\"@id\":\"https:\/\/obralift.net\/albanileria\/#breadcrumb\"},\"inLanguage\":\"en-US\",\"potentialAction\":[{\"@type\":\"ReadAction\",\"target\":[\"https:\/\/obralift.net\/albanileria\/\"]}]},{\"@type\":\"BreadcrumbList\",\"@id\":\"https:\/\/obralift.net\/albanileria\/#breadcrumb\",\"itemListElement\":[{\"@type\":\"ListItem\",\"position\":1,\"name\":\"Portada\",\"item\":\"https:\/\/obralift.net\/\"},{\"@type\":\"ListItem\",\"position\":2,\"name\":\"Alba\u00f1iler\u00eda\"}]},{\"@type\":\"WebSite\",\"@id\":\"https:\/\/obralift.net\/#website\",\"url\":\"https:\/\/obralift.net\/\",\"name\":\"obralift.net\",\"description\":\"\",\"publisher\":{\"@id\":\"https:\/\/obralift.net\/#organization\"},\"potentialAction\":[{\"@type\":\"SearchAction\",\"target\":{\"@type\":\"EntryPoint\",\"urlTemplate\":\"https:\/\/obralift.net\/?s={search_term_string}\"},\"query-input\":{\"@type\":\"PropertyValueSpecification\",\"valueRequired\":true,\"valueName\":\"search_term_string\"}}],\"inLanguage\":\"en-US\"},{\"@type\":\"Organization\",\"@id\":\"https:\/\/obralift.net\/#organization\",\"name\":\"obralift.net\",\"url\":\"https:\/\/obralift.net\/\",\"logo\":{\"@type\":\"ImageObject\",\"inLanguage\":\"en-US\",\"@id\":\"https:\/\/obralift.net\/#\/schema\/logo\/image\/\",\"url\":\"https:\/\/obralift.net\/wp-content\/uploads\/2025\/11\/5.png\",\"contentUrl\":\"https:\/\/obralift.net\/wp-content\/uploads\/2025\/11\/5.png\",\"width\":500,\"height\":206,\"caption\":\"obralift.net\"},\"image\":{\"@id\":\"https:\/\/obralift.net\/#\/schema\/logo\/image\/\"}}]}<\/script>\n<!-- \/ Yoast SEO plugin. -->","yoast_head_json":{"title":"Alba\u00f1iler\u00eda - obralift.net","robots":{"index":"index","follow":"follow","max-snippet":"max-snippet:-1","max-image-preview":"max-image-preview:large","max-video-preview":"max-video-preview:-1"},"canonical":"https:\/\/obralift.net\/en\/albanileria\/","og_locale":"en_US","og_type":"article","og_title":"Alba\u00f1iler\u00eda - obralift.net","og_description":"SERVICIO DE ALBA\u00d1ILER\u00cdA Construcci\u00f3n y reforma de elementos estructurales y no estructurales con materiales como ladrillos, cemento, y hormig\u00f3n. Solidez e Innovaci\u00f3n Realizamos desde reformas integrales hasta adecuaciones t\u00e9cnicas para sistemas de elevaci\u00f3n. Nuestra experiencia t\u00e9cnica nos permite garantizar resultados s\u00f3lidos, est\u00e9ticos y funcionales en cada proyecto de obra civil. Reformas integrales y tabiquer\u00eda. Colocaci\u00f3n [&hellip;]","og_url":"https:\/\/obralift.net\/en\/albanileria\/","og_site_name":"obralift.net","article_modified_time":"2026-02-25T14:54:54+00:00","twitter_card":"summary_large_image","twitter_misc":{"Est. reading time":"2 minutes"},"schema":{"@context":"https:\/\/schema.org","@graph":[{"@type":"WebPage","@id":"https:\/\/obralift.net\/albanileria\/","url":"https:\/\/obralift.net\/albanileria\/","name":"Alba\u00f1iler\u00eda - obralift.net","isPartOf":{"@id":"https:\/\/obralift.net\/#website"},"datePublished":"2026-02-24T21:49:39+00:00","dateModified":"2026-02-25T14:54:54+00:00","breadcrumb":{"@id":"https:\/\/obralift.net\/albanileria\/#breadcrumb"},"inLanguage":"en-US","potentialAction":[{"@type":"ReadAction","target":["https:\/\/obralift.net\/albanileria\/"]}]},{"@type":"BreadcrumbList","@id":"https:\/\/obralift.net\/albanileria\/#breadcrumb","itemListElement":[{"@type":"ListItem","position":1,"name":"Portada","item":"https:\/\/obralift.net\/"},{"@type":"ListItem","position":2,"name":"Alba\u00f1iler\u00eda"}]},{"@type":"WebSite","@id":"https:\/\/obralift.net\/#website","url":"https:\/\/obralift.net\/","name":"obralift.net","description":"","publisher":{"@id":"https:\/\/obralift.net\/#organization"},"potentialAction":[{"@type":"SearchAction","target":{"@type":"EntryPoint","urlTemplate":"https:\/\/obralift.net\/?s={search_term_string}"},"query-input":{"@type":"PropertyValueSpecification","valueRequired":true,"valueName":"search_term_string"}}],"inLanguage":"en-US"},{"@type":"Organization","@id":"https:\/\/obralift.net\/#organization","name":"obralift.net","url":"https:\/\/obralift.net\/","logo":{"@type":"ImageObject","inLanguage":"en-US","@id":"https:\/\/obralift.net\/#\/schema\/logo\/image\/","url":"https:\/\/obralift.net\/wp-content\/uploads\/2025\/11\/5.png","contentUrl":"https:\/\/obralift.net\/wp-content\/uploads\/2025\/11\/5.png","width":500,"height":206,"caption":"obralift.net"},"image":{"@id":"https:\/\/obralift.net\/#\/schema\/logo\/image\/"}}]}},"_links":{"self":[{"href":"https:\/\/obralift.net\/en\/wp-json\/wp\/v2\/pages\/220","targetHints":{"allow":["GET"]}}],"collection":[{"href":"https:\/\/obralift.net\/en\/wp-json\/wp\/v2\/pages"}],"about":[{"href":"https:\/\/obralift.net\/en\/wp-json\/wp\/v2\/types\/page"}],"author":[{"embeddable":true,"href":"https:\/\/obralift.net\/en\/wp-json\/wp\/v2\/users\/1"}],"replies":[{"embeddable":true,"href":"https:\/\/obralift.net\/en\/wp-json\/wp\/v2\/comments?post=220"}],"version-history":[{"count":13,"href":"https:\/\/obralift.net\/en\/wp-json\/wp\/v2\/pages\/220\/revisions"}],"predecessor-version":[{"id":266,"href":"https:\/\/obralift.net\/en\/wp-json\/wp\/v2\/pages\/220\/revisions\/266"}],"wp:attachment":[{"href":"https:\/\/obralift.net\/en\/wp-json\/wp\/v2\/media?parent=220"}],"curies":[{"name":"wp","href":"https:\/\/api.w.org\/{rel}","templated":true}]}}