{"id":211,"date":"2026-02-24T21:43:56","date_gmt":"2026-02-24T21:43:56","guid":{"rendered":"https:\/\/obralift.net\/?page_id=211"},"modified":"2026-02-25T15:08:06","modified_gmt":"2026-02-25T15:08:06","slug":"reparaciones","status":"publish","type":"page","link":"https:\/\/obralift.net\/en\/reparaciones\/","title":{"rendered":"Repairs"},"content":{"rendered":"<div data-elementor-type=\"wp-page\" data-elementor-id=\"211\" class=\"elementor elementor-211\" data-elementor-post-type=\"page\">\n\t\t\t\t<div class=\"elementor-element elementor-element-ddcee0c e-flex e-con-boxed e-con e-parent\" data-id=\"ddcee0c\" data-element_type=\"container\" data-e-type=\"container\" data-settings=\"{&quot;background_background&quot;:&quot;classic&quot;,&quot;shape_divider_bottom&quot;:&quot;tilt&quot;}\">\n\t\t\t\t\t<div class=\"e-con-inner\">\n\t\t\t\t<div class=\"elementor-shape elementor-shape-bottom\" aria-hidden=\"true\" data-negative=\"false\">\n\t\t\t<svg xmlns=\"http:\/\/www.w3.org\/2000\/svg\" viewbox=\"0 0 1000 100\" preserveaspectratio=\"none\">\n\t<path class=\"elementor-shape-fill\" d=\"M0,6V0h1000v100L0,6z\"\/>\n<\/svg>\t\t<\/div>\n\t\t<div class=\"elementor-element elementor-element-0186416 e-con-full e-flex e-con e-child\" data-id=\"0186416\" data-element_type=\"container\" data-e-type=\"container\">\n\t\t\t\t<div class=\"elementor-element elementor-element-20ffa00 elementor-widget elementor-widget-heading\" data-id=\"20ffa00\" data-element_type=\"widget\" data-e-type=\"widget\" data-widget_type=\"heading.default\">\n\t\t\t\t\t<h1 class=\"elementor-heading-title elementor-size-default\">REPAIR SERVICES<\/h1>\t\t\t\t<\/div>\n\t\t\t\t<div class=\"elementor-element elementor-element-698fefc elementor-widget__width-initial elementor-widget elementor-widget-text-editor\" data-id=\"698fefc\" data-element_type=\"widget\" data-e-type=\"widget\" data-widget_type=\"text-editor.default\">\n\t\t\t\t\t\t\t\t\t<p>Tasks to correct damage, malfunctions, or defects in existing structures, systems, or finishes.<\/p>\t\t\t\t\t\t\t\t<\/div>\n\t\t\t\t<\/div>\n\t\t\t\t\t<\/div>\n\t\t\t\t<\/div>\n\t\t<div class=\"elementor-element elementor-element-8bc3f6b e-flex e-con-boxed e-con e-parent\" data-id=\"8bc3f6b\" data-element_type=\"container\" data-e-type=\"container\" id=\"obras\" data-settings=\"{&quot;background_background&quot;:&quot;classic&quot;}\">\n\t\t\t\t\t<div class=\"e-con-inner\">\n\t\t<div class=\"elementor-element elementor-element-cbbe97f e-con-full e-flex e-con e-child\" data-id=\"cbbe97f\" data-element_type=\"container\" data-e-type=\"container\">\n\t\t\t\t<div class=\"elementor-element elementor-element-b7bbc3e elementor-widget elementor-widget-heading\" data-id=\"b7bbc3e\" data-element_type=\"widget\" data-e-type=\"widget\" data-widget_type=\"heading.default\">\n\t\t\t\t\t<h2 class=\"elementor-heading-title elementor-size-default\">Immediate Solutions\n<\/h2>\t\t\t\t<\/div>\n\t\t\t\t<div class=\"elementor-element elementor-element-4bd72e6 elementor-widget__width-initial elementor-widget elementor-widget-text-editor\" data-id=\"4bd72e6\" data-element_type=\"widget\" data-e-type=\"widget\" data-widget_type=\"text-editor.default\">\n\t\t\t\t\t\t\t\t\t<p>We perform electrical, structural, and technical repairs with precision and speed. Our goal is to restore the operation and safety of your facilities with minimal impact on your daily routine.<\/p>\t\t\t\t\t\t\t\t<\/div>\n\t\t\t\t<\/div>\n\t\t<div class=\"elementor-element elementor-element-22de99b e-con-full e-flex e-con e-child\" data-id=\"22de99b\" data-element_type=\"container\" data-e-type=\"container\">\n\t\t\t\t<div class=\"elementor-element elementor-element-b852421 elementor-widget__width-initial elementor-icon-list--layout-traditional elementor-list-item-link-full_width elementor-widget elementor-widget-icon-list\" data-id=\"b852421\" data-element_type=\"widget\" data-e-type=\"widget\" data-widget_type=\"icon-list.default\">\n\t\t\t\t\t\t\t<ul class=\"elementor-icon-list-items\">\n\t\t\t\t\t\t\t<li class=\"elementor-icon-list-item\">\n\t\t\t\t\t\t\t\t\t\t\t<span class=\"elementor-icon-list-icon\">\n\t\t\t\t\t\t\t<svg aria-hidden=\"true\" class=\"e-font-icon-svg e-fas-check\" viewbox=\"0 0 512 512\" xmlns=\"http:\/\/www.w3.org\/2000\/svg\"><path d=\"M173.898 439.404l-166.4-166.4c-9.997-9.997-9.997-26.206 0-36.204l36.203-36.204c9.997-9.998 26.207-9.998 36.204 0L192 312.69 432.095 72.596c9.997-9.997 26.207-9.997 36.204 0l36.203 36.204c9.997 9.997 9.997 26.206 0 36.204l-294.4 294.401c-9.998 9.997-26.207 9.997-36.204-.001z\"><\/path><\/svg>\t\t\t\t\t\t<\/span>\n\t\t\t\t\t\t\t\t\t\t<span class=\"elementor-icon-list-text\">Electrical repairs and distribution board troubleshooting.<\/span>\n\t\t\t\t\t\t\t\t\t<\/li>\n\t\t\t\t\t\t\t\t<li class=\"elementor-icon-list-item\">\n\t\t\t\t\t\t\t\t\t\t\t<span class=\"elementor-icon-list-icon\">\n\t\t\t\t\t\t\t<svg aria-hidden=\"true\" class=\"e-font-icon-svg e-fas-check\" viewbox=\"0 0 512 512\" xmlns=\"http:\/\/www.w3.org\/2000\/svg\"><path d=\"M173.898 439.404l-166.4-166.4c-9.997-9.997-9.997-26.206 0-36.204l36.203-36.204c9.997-9.998 26.207-9.998 36.204 0L192 312.69 432.095 72.596c9.997-9.997 26.207-9.997 36.204 0l36.203 36.204c9.997 9.997 9.997 26.206 0 36.204l-294.4 294.401c-9.998 9.997-26.207 9.997-36.204-.001z\"><\/path><\/svg>\t\t\t\t\t\t<\/span>\n\t\t\t\t\t\t\t\t\t\t<span class=\"elementor-icon-list-text\">Moisture, dampness, and crack remediation.<\/span>\n\t\t\t\t\t\t\t\t\t<\/li>\n\t\t\t\t\t\t\t\t<li class=\"elementor-icon-list-item\">\n\t\t\t\t\t\t\t\t\t\t\t<span class=\"elementor-icon-list-icon\">\n\t\t\t\t\t\t\t<svg aria-hidden=\"true\" class=\"e-font-icon-svg e-fas-check\" viewbox=\"0 0 512 512\" xmlns=\"http:\/\/www.w3.org\/2000\/svg\"><path d=\"M173.898 439.404l-166.4-166.4c-9.997-9.997-9.997-26.206 0-36.204l36.203-36.204c9.997-9.998 26.207-9.998 36.204 0L192 312.69 432.095 72.596c9.997-9.997 26.207-9.997 36.204 0l36.203 36.204c9.997 9.997 9.997 26.206 0 36.204l-294.4 294.401c-9.998 9.997-26.207 9.997-36.204-.001z\"><\/path><\/svg>\t\t\t\t\t\t<\/span>\n\t\t\t\t\t\t\t\t\t\t<span class=\"elementor-icon-list-text\">Technical system maintenance.<\/span>\n\t\t\t\t\t\t\t\t\t<\/li>\n\t\t\t\t\t\t\t\t<li class=\"elementor-icon-list-item\">\n\t\t\t\t\t\t\t\t\t\t\t<span class=\"elementor-icon-list-icon\">\n\t\t\t\t\t\t\t<svg aria-hidden=\"true\" class=\"e-font-icon-svg e-fas-check\" viewbox=\"0 0 512 512\" xmlns=\"http:\/\/www.w3.org\/2000\/svg\"><path d=\"M173.898 439.404l-166.4-166.4c-9.997-9.997-9.997-26.206 0-36.204l36.203-36.204c9.997-9.998 26.207-9.998 36.204 0L192 312.69 432.095 72.596c9.997-9.997 26.207-9.997 36.204 0l36.203 36.204c9.997 9.997 9.997 26.206 0 36.204l-294.4 294.401c-9.998 9.997-26.207 9.997-36.204-.001z\"><\/path><\/svg>\t\t\t\t\t\t<\/span>\n\t\t\t\t\t\t\t\t\t\t<span class=\"elementor-icon-list-text\"> Emergency assistance within 24\/48 hours.<\/span>\n\t\t\t\t\t\t\t\t\t<\/li>\n\t\t\t\t\t\t<\/ul>\n\t\t\t\t\t\t<\/div>\n\t\t\t\t<\/div>\n\t\t\t\t\t<\/div>\n\t\t\t\t<\/div>\n\t\t<div class=\"elementor-element elementor-element-bcc576f e-flex e-con-boxed e-con e-parent\" data-id=\"bcc576f\" data-element_type=\"container\" data-e-type=\"container\" data-settings=\"{&quot;background_background&quot;:&quot;classic&quot;}\">\n\t\t\t\t\t<div class=\"e-con-inner\">\n\t\t<div class=\"elementor-element elementor-element-f592403 e-con-full e-flex e-con e-child\" data-id=\"f592403\" data-element_type=\"container\" data-e-type=\"container\">\n\t\t\t\t<div class=\"elementor-element elementor-element-ebd07f4 elementor-widget elementor-widget-heading\" data-id=\"ebd07f4\" data-element_type=\"widget\" data-e-type=\"widget\" data-widget_type=\"heading.default\">\n\t\t\t\t\t<h3 class=\"elementor-heading-title elementor-size-default\">FREQUENTLY ASKED QUESTIONS<\/h3>\t\t\t\t<\/div>\n\t\t\t\t<div class=\"elementor-element elementor-element-6ea0eae elementor-widget elementor-widget-eael-adv-accordion\" data-id=\"6ea0eae\" data-element_type=\"widget\" data-e-type=\"widget\" data-widget_type=\"eael-adv-accordion.default\">\n\t\t\t\t\t            <div class=\"eael-adv-accordion\" id=\"eael-adv-accordion-6ea0eae\" data-scroll-on-click=\"no\" data-scroll-speed=\"300\" data-accordion-id=\"6ea0eae\" data-accordion-type=\"accordion\" data-toogle-speed=\"300\">\n            <div class=\"eael-accordion-list\">\n\t\t\t\t\t<div id=\"qu-tipo-de-reparaciones-incluye-el-servicio\" class=\"elementor-tab-title eael-accordion-header\" tabindex=\"0\" data-tab=\"1\" aria-controls=\"elementor-tab-content-1161\"><span class=\"eael-accordion-tab-title\">What types of repairs does this service include?<\/span><svg aria-hidden=\"true\" class=\"fa-toggle e-font-icon-svg e-fas-angle-right\" viewbox=\"0 0 256 512\" xmlns=\"http:\/\/www.w3.org\/2000\/svg\"><path d=\"M224.3 273l-136 136c-9.4 9.4-24.6 9.4-33.9 0l-22.6-22.6c-9.4-9.4-9.4-24.6 0-33.9l96.4-96.4-96.4-96.4c-9.4-9.4-9.4-24.6 0-33.9L54.3 103c9.4-9.4 24.6-9.4 33.9 0l136 136c9.5 9.4 9.5 24.6.1 34z\"><\/path><\/svg><\/div><div id=\"elementor-tab-content-1161\" class=\"eael-accordion-content clearfix\" data-tab=\"1\" aria-labelledby=\"qu-tipo-de-reparaciones-incluye-el-servicio\"><p>We perform electrical repairs (short circuits, distribution boards), structural repairs (dampness, cracks), and technical repairs for lifting systems and swimming pools. We also address malfunctions in pumping and filtration equipment to ensure all your facilities are operating correctly.<\/p><\/div>\n\t\t\t\t\t<\/div><div class=\"eael-accordion-list\">\n\t\t\t\t\t<div id=\"cmo-funciona-una-reparacin-visita-diagnstico-y-presupuesto\" class=\"elementor-tab-title eael-accordion-header\" tabindex=\"0\" data-tab=\"2\" aria-controls=\"elementor-tab-content-1162\"><span class=\"eael-accordion-tab-title\">How does the repair process work: visit, diagnosis, and quote?<\/span><svg aria-hidden=\"true\" class=\"fa-toggle e-font-icon-svg e-fas-angle-right\" viewbox=\"0 0 256 512\" xmlns=\"http:\/\/www.w3.org\/2000\/svg\"><path d=\"M224.3 273l-136 136c-9.4 9.4-24.6 9.4-33.9 0l-22.6-22.6c-9.4-9.4-9.4-24.6 0-33.9l96.4-96.4-96.4-96.4c-9.4-9.4-9.4-24.6 0-33.9L54.3 103c9.4-9.4 24.6-9.4 33.9 0l136 136c9.5 9.4 9.5 24.6.1 34z\"><\/path><\/svg><\/div><div id=\"elementor-tab-content-1162\" class=\"eael-accordion-content clearfix\" data-tab=\"2\" aria-labelledby=\"cmo-funciona-una-reparacin-visita-diagnstico-y-presupuesto\"><p>First, we coordinate a technical visit so our experts can evaluate the damage on-site. Following the diagnosis, we provide a detailed quote. Once approved, we proceed with the repair using premium-quality materials.<\/p><\/div>\n\t\t\t\t\t<\/div><div class=\"eael-accordion-list\">\n\t\t\t\t\t<div id=\"qu-urgencias-suelen-atender-y-en-qu-plazos\" class=\"elementor-tab-title eael-accordion-header\" tabindex=\"0\" data-tab=\"3\" aria-controls=\"elementor-tab-content-1163\"><span class=\"eael-accordion-tab-title\">What emergencies do you typically handle, and what are the timeframes?<\/span><svg aria-hidden=\"true\" class=\"fa-toggle e-font-icon-svg e-fas-angle-right\" viewbox=\"0 0 256 512\" xmlns=\"http:\/\/www.w3.org\/2000\/svg\"><path d=\"M224.3 273l-136 136c-9.4 9.4-24.6 9.4-33.9 0l-22.6-22.6c-9.4-9.4-9.4-24.6 0-33.9l96.4-96.4-96.4-96.4c-9.4-9.4-9.4-24.6 0-33.9L54.3 103c9.4-9.4 24.6-9.4 33.9 0l136 136c9.5 9.4 9.5 24.6.1 34z\"><\/path><\/svg><\/div><div id=\"elementor-tab-content-1163\" class=\"eael-accordion-content clearfix\" data-tab=\"3\" aria-labelledby=\"qu-urgencias-suelen-atender-y-en-qu-plazos\"><p>We handle electrical emergencies, severe leaks, and lifting system failures, prioritizing home safety. Our intervention timeframe is typically between 24 and 48 hours, depending on the severity and location of the problem.<\/p><\/div>\n\t\t\t\t\t<\/div><div class=\"eael-accordion-list\">\n\t\t\t\t\t<div id=\"se-pueden-hacer-reparaciones-sin-obra-o-con-mnima-intervencin\" class=\"elementor-tab-title eael-accordion-header\" tabindex=\"0\" data-tab=\"4\" aria-controls=\"elementor-tab-content-1164\"><span class=\"eael-accordion-tab-title\">Can repairs be done without major construction or with minimal intervention?<\/span><svg aria-hidden=\"true\" class=\"fa-toggle e-font-icon-svg e-fas-angle-right\" viewbox=\"0 0 256 512\" xmlns=\"http:\/\/www.w3.org\/2000\/svg\"><path d=\"M224.3 273l-136 136c-9.4 9.4-24.6 9.4-33.9 0l-22.6-22.6c-9.4-9.4-9.4-24.6 0-33.9l96.4-96.4-96.4-96.4c-9.4-9.4-9.4-24.6 0-33.9L54.3 103c9.4-9.4 24.6-9.4 33.9 0l136 136c9.5 9.4 9.5 24.6.1 34z\"><\/path><\/svg><\/div><div id=\"elementor-tab-content-1164\" class=\"eael-accordion-content clearfix\" data-tab=\"4\" aria-labelledby=\"se-pueden-hacer-reparaciones-sin-obra-o-con-mnima-intervencin\"><p>Yes. Whenever technically possible, we prioritize minimal intervention techniques, such as electrical repairs through existing conduits or localized sealing. Our goal is to resolve the problem cleanly and quickly without affecting the home's aesthetics.<\/p><\/div>\n\t\t\t\t\t<\/div><div class=\"eael-accordion-list\">\n\t\t\t\t\t<div id=\"qu-informacin-conviene-aportar-antes-de-solicitar-una-reparacin\" class=\"elementor-tab-title eael-accordion-header\" tabindex=\"0\" data-tab=\"5\" aria-controls=\"elementor-tab-content-1165\"><span class=\"eael-accordion-tab-title\">What information should I provide before requesting a repair?<\/span><svg aria-hidden=\"true\" class=\"fa-toggle e-font-icon-svg e-fas-angle-right\" viewbox=\"0 0 256 512\" xmlns=\"http:\/\/www.w3.org\/2000\/svg\"><path d=\"M224.3 273l-136 136c-9.4 9.4-24.6 9.4-33.9 0l-22.6-22.6c-9.4-9.4-9.4-24.6 0-33.9l96.4-96.4-96.4-96.4c-9.4-9.4-9.4-24.6 0-33.9L54.3 103c9.4-9.4 24.6-9.4 33.9 0l136 136c9.5 9.4 9.5 24.6.1 34z\"><\/path><\/svg><\/div><div id=\"elementor-tab-content-1165\" class=\"eael-accordion-content clearfix\" data-tab=\"5\" aria-labelledby=\"qu-informacin-conviene-aportar-antes-de-solicitar-una-reparacin\"><p>To speed up the process, it is helpful to send us photos or videos of the issue via WhatsApp, along with the approximate age of the installation. This allows us to perform a preliminary diagnosis and bring the necessary tools for an immediate solution.<\/p><\/div>\n\t\t\t\t\t<\/div><div class=\"eael-accordion-list\">\n\t\t\t\t\t<div id=\"qu-suele-incluir-el-presupuesto-de-una-reparacin\" class=\"elementor-tab-title eael-accordion-header\" tabindex=\"0\" data-tab=\"6\" aria-controls=\"elementor-tab-content-1166\"><span class=\"eael-accordion-tab-title\">What is typically included in a repair quote?<\/span><svg aria-hidden=\"true\" class=\"fa-toggle e-font-icon-svg e-fas-angle-right\" viewbox=\"0 0 256 512\" xmlns=\"http:\/\/www.w3.org\/2000\/svg\"><path d=\"M224.3 273l-136 136c-9.4 9.4-24.6 9.4-33.9 0l-22.6-22.6c-9.4-9.4-9.4-24.6 0-33.9l96.4-96.4-96.4-96.4c-9.4-9.4-9.4-24.6 0-33.9L54.3 103c9.4-9.4 24.6-9.4 33.9 0l136 136c9.5 9.4 9.5 24.6.1 34z\"><\/path><\/svg><\/div><div id=\"elementor-tab-content-1166\" class=\"eael-accordion-content clearfix\" data-tab=\"6\" aria-labelledby=\"qu-suele-incluir-el-presupuesto-de-una-reparacin\"><p>The quote includes the technical visit, diagnosis, specialized labor, and necessary spare parts. We itemize every cost transparently so you know exactly what is being repaired and why.<\/p><\/div>\n\t\t\t\t\t<\/div><div class=\"eael-accordion-list\">\n\t\t\t\t\t<div id=\"qu-garantas-se-ofrecen-tras-una-reparacin\" class=\"elementor-tab-title eael-accordion-header\" tabindex=\"0\" data-tab=\"7\" aria-controls=\"elementor-tab-content-1167\"><span class=\"eael-accordion-tab-title\">What guarantees are offered after a repair?<\/span><svg aria-hidden=\"true\" class=\"fa-toggle e-font-icon-svg e-fas-angle-right\" viewbox=\"0 0 256 512\" xmlns=\"http:\/\/www.w3.org\/2000\/svg\"><path d=\"M224.3 273l-136 136c-9.4 9.4-24.6 9.4-33.9 0l-22.6-22.6c-9.4-9.4-9.4-24.6 0-33.9l96.4-96.4-96.4-96.4c-9.4-9.4-9.4-24.6 0-33.9L54.3 103c9.4-9.4 24.6-9.4 33.9 0l136 136c9.5 9.4 9.5 24.6.1 34z\"><\/path><\/svg><\/div><div id=\"elementor-tab-content-1167\" class=\"eael-accordion-content clearfix\" data-tab=\"7\" aria-labelledby=\"qu-garantas-se-ofrecen-tras-una-reparacin\"><p>All our repairs come with a guarantee that covers the quality of the workmanship and the materials used. At Obralift, we are committed to post-repair follow-ups to ensure the system continues to function perfectly.<\/p><\/div>\n\t\t\t\t\t<\/div><\/div>\t\t\t\t<\/div>\n\t\t\t\t<\/div>\n\t\t\t\t\t<\/div>\n\t\t\t\t<\/div>\n\t\t\t\t<\/div>","protected":false},"excerpt":{"rendered":"<p>SERVICIO DE REPARACIONES Trabajos para corregir da\u00f1os, aver\u00edas o desperfectos en estructuras, sistemas o acabados existentes. Soluciones Inmediatas Realizamos reparaciones el\u00e9ctricas, estructurales y t\u00e9cnicas con precisi\u00f3n y rapidez. Nuestro objetivo es devolver la operatividad y seguridad a sus instalaciones con el m\u00ednimo impacto en su d\u00eda a d\u00eda. Reparaciones el\u00e9ctricas y tableros. Soluci\u00f3n a humedades [&hellip;]<\/p>\n","protected":false},"author":1,"featured_media":0,"parent":0,"menu_order":0,"comment_status":"closed","ping_status":"closed","template":"elementor_header_footer","meta":{"footnotes":""},"class_list":["post-211","page","type-page","status-publish","hentry"],"yoast_head":"<!-- This site is optimized with the Yoast SEO plugin v27.0 - https:\/\/yoast.com\/product\/yoast-seo-wordpress\/ -->\n<title>Reparaciones - obralift.net<\/title>\n<meta name=\"robots\" content=\"index, follow, max-snippet:-1, max-image-preview:large, max-video-preview:-1\" \/>\n<link rel=\"canonical\" href=\"https:\/\/obralift.net\/en\/reparaciones\/\" \/>\n<meta property=\"og:locale\" content=\"en_US\" \/>\n<meta property=\"og:type\" content=\"article\" \/>\n<meta property=\"og:title\" content=\"Reparaciones - obralift.net\" \/>\n<meta property=\"og:description\" content=\"SERVICIO DE REPARACIONES Trabajos para corregir da\u00f1os, aver\u00edas o desperfectos en estructuras, sistemas o acabados existentes. Soluciones Inmediatas Realizamos reparaciones el\u00e9ctricas, estructurales y t\u00e9cnicas con precisi\u00f3n y rapidez. Nuestro objetivo es devolver la operatividad y seguridad a sus instalaciones con el m\u00ednimo impacto en su d\u00eda a d\u00eda. Reparaciones el\u00e9ctricas y tableros. Soluci\u00f3n a humedades [&hellip;]\" \/>\n<meta property=\"og:url\" content=\"https:\/\/obralift.net\/en\/reparaciones\/\" \/>\n<meta property=\"og:site_name\" content=\"obralift.net\" \/>\n<meta property=\"article:modified_time\" content=\"2026-02-25T15:08:06+00:00\" \/>\n<meta name=\"twitter:card\" content=\"summary_large_image\" \/>\n<meta name=\"twitter:label1\" content=\"Est. reading time\" \/>\n\t<meta name=\"twitter:data1\" content=\"2 minutes\" \/>\n<script type=\"application\/ld+json\" class=\"yoast-schema-graph\">{\"@context\":\"https:\/\/schema.org\",\"@graph\":[{\"@type\":\"WebPage\",\"@id\":\"https:\/\/obralift.net\/reparaciones\/\",\"url\":\"https:\/\/obralift.net\/reparaciones\/\",\"name\":\"Reparaciones - obralift.net\",\"isPartOf\":{\"@id\":\"https:\/\/obralift.net\/#website\"},\"datePublished\":\"2026-02-24T21:43:56+00:00\",\"dateModified\":\"2026-02-25T15:08:06+00:00\",\"breadcrumb\":{\"@id\":\"https:\/\/obralift.net\/reparaciones\/#breadcrumb\"},\"inLanguage\":\"en-US\",\"potentialAction\":[{\"@type\":\"ReadAction\",\"target\":[\"https:\/\/obralift.net\/reparaciones\/\"]}]},{\"@type\":\"BreadcrumbList\",\"@id\":\"https:\/\/obralift.net\/reparaciones\/#breadcrumb\",\"itemListElement\":[{\"@type\":\"ListItem\",\"position\":1,\"name\":\"Portada\",\"item\":\"https:\/\/obralift.net\/\"},{\"@type\":\"ListItem\",\"position\":2,\"name\":\"Reparaciones\"}]},{\"@type\":\"WebSite\",\"@id\":\"https:\/\/obralift.net\/#website\",\"url\":\"https:\/\/obralift.net\/\",\"name\":\"obralift.net\",\"description\":\"\",\"publisher\":{\"@id\":\"https:\/\/obralift.net\/#organization\"},\"potentialAction\":[{\"@type\":\"SearchAction\",\"target\":{\"@type\":\"EntryPoint\",\"urlTemplate\":\"https:\/\/obralift.net\/?s={search_term_string}\"},\"query-input\":{\"@type\":\"PropertyValueSpecification\",\"valueRequired\":true,\"valueName\":\"search_term_string\"}}],\"inLanguage\":\"en-US\"},{\"@type\":\"Organization\",\"@id\":\"https:\/\/obralift.net\/#organization\",\"name\":\"obralift.net\",\"url\":\"https:\/\/obralift.net\/\",\"logo\":{\"@type\":\"ImageObject\",\"inLanguage\":\"en-US\",\"@id\":\"https:\/\/obralift.net\/#\/schema\/logo\/image\/\",\"url\":\"https:\/\/obralift.net\/wp-content\/uploads\/2025\/11\/5.png\",\"contentUrl\":\"https:\/\/obralift.net\/wp-content\/uploads\/2025\/11\/5.png\",\"width\":500,\"height\":206,\"caption\":\"obralift.net\"},\"image\":{\"@id\":\"https:\/\/obralift.net\/#\/schema\/logo\/image\/\"}}]}<\/script>\n<!-- \/ Yoast SEO plugin. -->","yoast_head_json":{"title":"Reparaciones - obralift.net","robots":{"index":"index","follow":"follow","max-snippet":"max-snippet:-1","max-image-preview":"max-image-preview:large","max-video-preview":"max-video-preview:-1"},"canonical":"https:\/\/obralift.net\/en\/reparaciones\/","og_locale":"en_US","og_type":"article","og_title":"Reparaciones - obralift.net","og_description":"SERVICIO DE REPARACIONES Trabajos para corregir da\u00f1os, aver\u00edas o desperfectos en estructuras, sistemas o acabados existentes. Soluciones Inmediatas Realizamos reparaciones el\u00e9ctricas, estructurales y t\u00e9cnicas con precisi\u00f3n y rapidez. Nuestro objetivo es devolver la operatividad y seguridad a sus instalaciones con el m\u00ednimo impacto en su d\u00eda a d\u00eda. Reparaciones el\u00e9ctricas y tableros. Soluci\u00f3n a humedades [&hellip;]","og_url":"https:\/\/obralift.net\/en\/reparaciones\/","og_site_name":"obralift.net","article_modified_time":"2026-02-25T15:08:06+00:00","twitter_card":"summary_large_image","twitter_misc":{"Est. reading time":"2 minutes"},"schema":{"@context":"https:\/\/schema.org","@graph":[{"@type":"WebPage","@id":"https:\/\/obralift.net\/reparaciones\/","url":"https:\/\/obralift.net\/reparaciones\/","name":"Reparaciones - obralift.net","isPartOf":{"@id":"https:\/\/obralift.net\/#website"},"datePublished":"2026-02-24T21:43:56+00:00","dateModified":"2026-02-25T15:08:06+00:00","breadcrumb":{"@id":"https:\/\/obralift.net\/reparaciones\/#breadcrumb"},"inLanguage":"en-US","potentialAction":[{"@type":"ReadAction","target":["https:\/\/obralift.net\/reparaciones\/"]}]},{"@type":"BreadcrumbList","@id":"https:\/\/obralift.net\/reparaciones\/#breadcrumb","itemListElement":[{"@type":"ListItem","position":1,"name":"Portada","item":"https:\/\/obralift.net\/"},{"@type":"ListItem","position":2,"name":"Reparaciones"}]},{"@type":"WebSite","@id":"https:\/\/obralift.net\/#website","url":"https:\/\/obralift.net\/","name":"obralift.net","description":"","publisher":{"@id":"https:\/\/obralift.net\/#organization"},"potentialAction":[{"@type":"SearchAction","target":{"@type":"EntryPoint","urlTemplate":"https:\/\/obralift.net\/?s={search_term_string}"},"query-input":{"@type":"PropertyValueSpecification","valueRequired":true,"valueName":"search_term_string"}}],"inLanguage":"en-US"},{"@type":"Organization","@id":"https:\/\/obralift.net\/#organization","name":"obralift.net","url":"https:\/\/obralift.net\/","logo":{"@type":"ImageObject","inLanguage":"en-US","@id":"https:\/\/obralift.net\/#\/schema\/logo\/image\/","url":"https:\/\/obralift.net\/wp-content\/uploads\/2025\/11\/5.png","contentUrl":"https:\/\/obralift.net\/wp-content\/uploads\/2025\/11\/5.png","width":500,"height":206,"caption":"obralift.net"},"image":{"@id":"https:\/\/obralift.net\/#\/schema\/logo\/image\/"}}]}},"_links":{"self":[{"href":"https:\/\/obralift.net\/en\/wp-json\/wp\/v2\/pages\/211","targetHints":{"allow":["GET"]}}],"collection":[{"href":"https:\/\/obralift.net\/en\/wp-json\/wp\/v2\/pages"}],"about":[{"href":"https:\/\/obralift.net\/en\/wp-json\/wp\/v2\/types\/page"}],"author":[{"embeddable":true,"href":"https:\/\/obralift.net\/en\/wp-json\/wp\/v2\/users\/1"}],"replies":[{"embeddable":true,"href":"https:\/\/obralift.net\/en\/wp-json\/wp\/v2\/comments?post=211"}],"version-history":[{"count":13,"href":"https:\/\/obralift.net\/en\/wp-json\/wp\/v2\/pages\/211\/revisions"}],"predecessor-version":[{"id":276,"href":"https:\/\/obralift.net\/en\/wp-json\/wp\/v2\/pages\/211\/revisions\/276"}],"wp:attachment":[{"href":"https:\/\/obralift.net\/en\/wp-json\/wp\/v2\/media?parent=211"}],"curies":[{"name":"wp","href":"https:\/\/api.w.org\/{rel}","templated":true}]}}