{"id":202,"date":"2026-02-24T21:36:51","date_gmt":"2026-02-24T21:36:51","guid":{"rendered":"https:\/\/obralift.net\/?page_id=202"},"modified":"2026-02-25T14:35:10","modified_gmt":"2026-02-25T14:35:10","slug":"fontaneria","status":"publish","type":"page","link":"https:\/\/obralift.net\/en\/fontaneria\/","title":{"rendered":"Fontaner\u00eda"},"content":{"rendered":"<div data-elementor-type=\"wp-page\" data-elementor-id=\"202\" class=\"elementor elementor-202\" data-elementor-post-type=\"page\">\n\t\t\t\t<div class=\"elementor-element elementor-element-ddcee0c e-flex e-con-boxed e-con e-parent\" data-id=\"ddcee0c\" data-element_type=\"container\" data-e-type=\"container\" data-settings=\"{&quot;background_background&quot;:&quot;classic&quot;,&quot;shape_divider_bottom&quot;:&quot;tilt&quot;}\">\n\t\t\t\t\t<div class=\"e-con-inner\">\n\t\t\t\t<div class=\"elementor-shape elementor-shape-bottom\" aria-hidden=\"true\" data-negative=\"false\">\n\t\t\t<svg xmlns=\"http:\/\/www.w3.org\/2000\/svg\" viewbox=\"0 0 1000 100\" preserveaspectratio=\"none\">\n\t<path class=\"elementor-shape-fill\" d=\"M0,6V0h1000v100L0,6z\"\/>\n<\/svg>\t\t<\/div>\n\t\t<div class=\"elementor-element elementor-element-0186416 e-con-full e-flex e-con e-child\" data-id=\"0186416\" data-element_type=\"container\" data-e-type=\"container\">\n\t\t\t\t<div class=\"elementor-element elementor-element-20ffa00 elementor-widget elementor-widget-heading\" data-id=\"20ffa00\" data-element_type=\"widget\" data-e-type=\"widget\" data-widget_type=\"heading.default\">\n\t\t\t\t\t<h1 class=\"elementor-heading-title elementor-size-default\">PLUMBING SERVICES<\/h1>\t\t\t\t<\/div>\n\t\t\t\t<div class=\"elementor-element elementor-element-698fefc elementor-widget__width-initial elementor-widget elementor-widget-text-editor\" data-id=\"698fefc\" data-element_type=\"widget\" data-e-type=\"widget\" data-widget_type=\"text-editor.default\">\n\t\t\t\t\t\t\t\t\t<p>Installation, maintenance, and repair of piping networks, faucets, and sanitary fixtures for water supply and drainage.<\/p>\t\t\t\t\t\t\t\t<\/div>\n\t\t\t\t<\/div>\n\t\t\t\t\t<\/div>\n\t\t\t\t<\/div>\n\t\t<div class=\"elementor-element elementor-element-8bc3f6b e-flex e-con-boxed e-con e-parent\" data-id=\"8bc3f6b\" data-element_type=\"container\" data-e-type=\"container\" id=\"obras\" data-settings=\"{&quot;background_background&quot;:&quot;classic&quot;}\">\n\t\t\t\t\t<div class=\"e-con-inner\">\n\t\t<div class=\"elementor-element elementor-element-cbbe97f e-con-full e-flex e-con e-child\" data-id=\"cbbe97f\" data-element_type=\"container\" data-e-type=\"container\">\n\t\t\t\t<div class=\"elementor-element elementor-element-b7bbc3e elementor-widget elementor-widget-heading\" data-id=\"b7bbc3e\" data-element_type=\"widget\" data-e-type=\"widget\" data-widget_type=\"heading.default\">\n\t\t\t\t\t<h2 class=\"elementor-heading-title elementor-size-default\">Quality &amp; Precision<\/h2>\t\t\t\t<\/div>\n\t\t\t\t<div class=\"elementor-element elementor-element-4bd72e6 elementor-widget__width-initial elementor-widget elementor-widget-text-editor\" data-id=\"4bd72e6\" data-element_type=\"widget\" data-e-type=\"widget\" data-widget_type=\"text-editor.default\">\n\t\t\t\t\t\t\t\t\t<p>Our residential plumbing service covers everything from leak repairs and unblocking to the complete installation of water conveyance systems. We use state-of-the-art materials to guarantee the durability and efficiency of your installations.<\/p>\t\t\t\t\t\t\t\t<\/div>\n\t\t\t\t<\/div>\n\t\t<div class=\"elementor-element elementor-element-22de99b e-con-full e-flex e-con e-child\" data-id=\"22de99b\" data-element_type=\"container\" data-e-type=\"container\">\n\t\t\t\t<div class=\"elementor-element elementor-element-b852421 elementor-widget__width-initial elementor-icon-list--layout-traditional elementor-list-item-link-full_width elementor-widget elementor-widget-icon-list\" data-id=\"b852421\" data-element_type=\"widget\" data-e-type=\"widget\" data-widget_type=\"icon-list.default\">\n\t\t\t\t\t\t\t<ul class=\"elementor-icon-list-items\">\n\t\t\t\t\t\t\t<li class=\"elementor-icon-list-item\">\n\t\t\t\t\t\t\t\t\t\t\t<span class=\"elementor-icon-list-icon\">\n\t\t\t\t\t\t\t<svg aria-hidden=\"true\" class=\"e-font-icon-svg e-fas-check\" viewbox=\"0 0 512 512\" xmlns=\"http:\/\/www.w3.org\/2000\/svg\"><path d=\"M173.898 439.404l-166.4-166.4c-9.997-9.997-9.997-26.206 0-36.204l36.203-36.204c9.997-9.998 26.207-9.998 36.204 0L192 312.69 432.095 72.596c9.997-9.997 26.207-9.997 36.204 0l36.203 36.204c9.997 9.997 9.997 26.206 0 36.204l-294.4 294.401c-9.998 9.997-26.207 9.997-36.204-.001z\"><\/path><\/svg>\t\t\t\t\t\t<\/span>\n\t\t\t\t\t\t\t\t\t\t<span class=\"elementor-icon-list-text\">Installation of faucets, fixtures, and sanitaryware.<\/span>\n\t\t\t\t\t\t\t\t\t<\/li>\n\t\t\t\t\t\t\t\t<li class=\"elementor-icon-list-item\">\n\t\t\t\t\t\t\t\t\t\t\t<span class=\"elementor-icon-list-icon\">\n\t\t\t\t\t\t\t<svg aria-hidden=\"true\" class=\"e-font-icon-svg e-fas-check\" viewbox=\"0 0 512 512\" xmlns=\"http:\/\/www.w3.org\/2000\/svg\"><path d=\"M173.898 439.404l-166.4-166.4c-9.997-9.997-9.997-26.206 0-36.204l36.203-36.204c9.997-9.998 26.207-9.998 36.204 0L192 312.69 432.095 72.596c9.997-9.997 26.207-9.997 36.204 0l36.203 36.204c9.997 9.997 9.997 26.206 0 36.204l-294.4 294.401c-9.998 9.997-26.207 9.997-36.204-.001z\"><\/path><\/svg>\t\t\t\t\t\t<\/span>\n\t\t\t\t\t\t\t\t\t\t<span class=\"elementor-icon-list-text\"> Hot and cold water systems.<\/span>\n\t\t\t\t\t\t\t\t\t<\/li>\n\t\t\t\t\t\t\t\t<li class=\"elementor-icon-list-item\">\n\t\t\t\t\t\t\t\t\t\t\t<span class=\"elementor-icon-list-icon\">\n\t\t\t\t\t\t\t<svg aria-hidden=\"true\" class=\"e-font-icon-svg e-fas-check\" viewbox=\"0 0 512 512\" xmlns=\"http:\/\/www.w3.org\/2000\/svg\"><path d=\"M173.898 439.404l-166.4-166.4c-9.997-9.997-9.997-26.206 0-36.204l36.203-36.204c9.997-9.998 26.207-9.998 36.204 0L192 312.69 432.095 72.596c9.997-9.997 26.207-9.997 36.204 0l36.203 36.204c9.997 9.997 9.997 26.206 0 36.204l-294.4 294.401c-9.998 9.997-26.207 9.997-36.204-.001z\"><\/path><\/svg>\t\t\t\t\t\t<\/span>\n\t\t\t\t\t\t\t\t\t\t<span class=\"elementor-icon-list-text\"> Appliance hookups and connections<\/span>\n\t\t\t\t\t\t\t\t\t<\/li>\n\t\t\t\t\t\t<\/ul>\n\t\t\t\t\t\t<\/div>\n\t\t\t\t<\/div>\n\t\t\t\t\t<\/div>\n\t\t\t\t<\/div>\n\t\t<div class=\"elementor-element elementor-element-bcc576f e-flex e-con-boxed e-con e-parent\" data-id=\"bcc576f\" data-element_type=\"container\" data-e-type=\"container\" data-settings=\"{&quot;background_background&quot;:&quot;classic&quot;}\">\n\t\t\t\t\t<div class=\"e-con-inner\">\n\t\t<div class=\"elementor-element elementor-element-f592403 e-con-full e-flex e-con e-child\" data-id=\"f592403\" data-element_type=\"container\" data-e-type=\"container\">\n\t\t\t\t<div class=\"elementor-element elementor-element-ebd07f4 elementor-widget elementor-widget-heading\" data-id=\"ebd07f4\" data-element_type=\"widget\" data-e-type=\"widget\" data-widget_type=\"heading.default\">\n\t\t\t\t\t<h3 class=\"elementor-heading-title elementor-size-default\">FREQUENTLY ASKED QUESTIONS<\/h3>\t\t\t\t<\/div>\n\t\t\t\t<div class=\"elementor-element elementor-element-6ea0eae elementor-widget elementor-widget-eael-adv-accordion\" data-id=\"6ea0eae\" data-element_type=\"widget\" data-e-type=\"widget\" data-widget_type=\"eael-adv-accordion.default\">\n\t\t\t\t\t            <div class=\"eael-adv-accordion\" id=\"eael-adv-accordion-6ea0eae\" data-scroll-on-click=\"no\" data-scroll-speed=\"300\" data-accordion-id=\"6ea0eae\" data-accordion-type=\"accordion\" data-toogle-speed=\"300\">\n            <div class=\"eael-accordion-list\">\n\t\t\t\t\t<div id=\"qu-incluye-un-servicio-de-fontanera-a-domicilio\" class=\"elementor-tab-title eael-accordion-header\" tabindex=\"0\" data-tab=\"1\" aria-controls=\"elementor-tab-content-1161\"><span class=\"eael-accordion-tab-title\">What does a residential plumbing service include?<\/span><svg aria-hidden=\"true\" class=\"fa-toggle e-font-icon-svg e-fas-angle-right\" viewbox=\"0 0 256 512\" xmlns=\"http:\/\/www.w3.org\/2000\/svg\"><path d=\"M224.3 273l-136 136c-9.4 9.4-24.6 9.4-33.9 0l-22.6-22.6c-9.4-9.4-9.4-24.6 0-33.9l96.4-96.4-96.4-96.4c-9.4-9.4-9.4-24.6 0-33.9L54.3 103c9.4-9.4 24.6-9.4 33.9 0l136 136c9.5 9.4 9.5 24.6.1 34z\"><\/path><\/svg><\/div><div id=\"elementor-tab-content-1161\" class=\"eael-accordion-content clearfix\" data-tab=\"1\" aria-labelledby=\"qu-incluye-un-servicio-de-fontanera-a-domicilio\"><p>It ranges from leak repairs and unblocking drains to the installation of faucets, sanitaryware, and hot and cold water conveyance systems. It also covers drainage inspections and appliance hookups for dishwashers or washing machines.<\/p><\/div>\n\t\t\t\t\t<\/div><div class=\"eael-accordion-list\">\n\t\t\t\t\t<div id=\"cmo-se-calcula-el-precio-de-cambiar-tuberas\" class=\"elementor-tab-title eael-accordion-header\" tabindex=\"0\" data-tab=\"2\" aria-controls=\"elementor-tab-content-1162\"><span class=\"eael-accordion-tab-title\">How is the price for replacing pipes calculated?<\/span><svg aria-hidden=\"true\" class=\"fa-toggle e-font-icon-svg e-fas-angle-right\" viewbox=\"0 0 256 512\" xmlns=\"http:\/\/www.w3.org\/2000\/svg\"><path d=\"M224.3 273l-136 136c-9.4 9.4-24.6 9.4-33.9 0l-22.6-22.6c-9.4-9.4-9.4-24.6 0-33.9l96.4-96.4-96.4-96.4c-9.4-9.4-9.4-24.6 0-33.9L54.3 103c9.4-9.4 24.6-9.4 33.9 0l136 136c9.5 9.4 9.5 24.6.1 34z\"><\/path><\/svg><\/div><div id=\"elementor-tab-content-1162\" class=\"eael-accordion-content clearfix\" data-tab=\"2\" aria-labelledby=\"cmo-se-calcula-el-precio-de-cambiar-tuberas\"><p>The budget is determined by the linear meters of piping, the chosen material (such as heat fusion or multilayer), and the number of water points required. It also depends on whether wall chasing (civil works) is needed or if existing conduits can be used.<\/p><\/div>\n\t\t\t\t\t<\/div><div class=\"eael-accordion-list\">\n\t\t\t\t\t<div id=\"cundo-conviene-cambiar-todas-las-tuberas-de-una-casa\" class=\"elementor-tab-title eael-accordion-header\" tabindex=\"0\" data-tab=\"3\" aria-controls=\"elementor-tab-content-1163\"><span class=\"eael-accordion-tab-title\">When is it advisable to replace all the pipes in a house?<\/span><svg aria-hidden=\"true\" class=\"fa-toggle e-font-icon-svg e-fas-angle-right\" viewbox=\"0 0 256 512\" xmlns=\"http:\/\/www.w3.org\/2000\/svg\"><path d=\"M224.3 273l-136 136c-9.4 9.4-24.6 9.4-33.9 0l-22.6-22.6c-9.4-9.4-9.4-24.6 0-33.9l96.4-96.4-96.4-96.4c-9.4-9.4-9.4-24.6 0-33.9L54.3 103c9.4-9.4 24.6-9.4 33.9 0l136 136c9.5 9.4 9.5 24.6.1 34z\"><\/path><\/svg><\/div><div id=\"elementor-tab-content-1163\" class=\"eael-accordion-content clearfix\" data-tab=\"3\" aria-labelledby=\"cundo-conviene-cambiar-todas-las-tuberas-de-una-casa\"><p>A full renovation is recommended if the installation is over 30 years old or if the pipes are made of obsolete materials like lead or galvanized iron. It is also the ideal time during a comprehensive renovation to prevent future bursts after new floors and walls have been installed.<\/p><\/div>\n\t\t\t\t\t<\/div><div class=\"eael-accordion-list\">\n\t\t\t\t\t<div id=\"qu-afecta-al-coste-de-cambiar-tuberas-en-un-piso\" class=\"elementor-tab-title eael-accordion-header\" tabindex=\"0\" data-tab=\"4\" aria-controls=\"elementor-tab-content-1164\"><span class=\"eael-accordion-tab-title\">What factors affect the cost of replacing pipes in a flat?<\/span><svg aria-hidden=\"true\" class=\"fa-toggle e-font-icon-svg e-fas-angle-right\" viewbox=\"0 0 256 512\" xmlns=\"http:\/\/www.w3.org\/2000\/svg\"><path d=\"M224.3 273l-136 136c-9.4 9.4-24.6 9.4-33.9 0l-22.6-22.6c-9.4-9.4-9.4-24.6 0-33.9l96.4-96.4-96.4-96.4c-9.4-9.4-9.4-24.6 0-33.9L54.3 103c9.4-9.4 24.6-9.4 33.9 0l136 136c9.5 9.4 9.5 24.6.1 34z\"><\/path><\/svg><\/div><div id=\"elementor-tab-content-1164\" class=\"eael-accordion-content clearfix\" data-tab=\"4\" aria-labelledby=\"qu-afecta-al-coste-de-cambiar-tuberas-en-un-piso\"><p>The main factors are the accessibility of the installations, the number of bathrooms and kitchens involved, and the type of tiling or flooring that needs to be removed. If the flat is occupied, the need to work in stages to avoid a total water shut-off can also influence the cost.<\/p><\/div>\n\t\t\t\t\t<\/div><div class=\"eael-accordion-list\">\n\t\t\t\t\t<div id=\"qu-implica-cambiar-las-tuberas-del-bao\" class=\"elementor-tab-title eael-accordion-header\" tabindex=\"0\" data-tab=\"5\" aria-controls=\"elementor-tab-content-1165\"><span class=\"eael-accordion-tab-title\">What is involved in replacing bathroom piping?<\/span><svg aria-hidden=\"true\" class=\"fa-toggle e-font-icon-svg e-fas-angle-right\" viewbox=\"0 0 256 512\" xmlns=\"http:\/\/www.w3.org\/2000\/svg\"><path d=\"M224.3 273l-136 136c-9.4 9.4-24.6 9.4-33.9 0l-22.6-22.6c-9.4-9.4-9.4-24.6 0-33.9l96.4-96.4-96.4-96.4c-9.4-9.4-9.4-24.6 0-33.9L54.3 103c9.4-9.4 24.6-9.4 33.9 0l136 136c9.5 9.4 9.5 24.6.1 34z\"><\/path><\/svg><\/div><div id=\"elementor-tab-content-1165\" class=\"eael-accordion-content clearfix\" data-tab=\"5\" aria-labelledby=\"qu-implica-cambiar-las-tuberas-del-bao\"><p>It involves replacing both the supply and drainage networks, ensuring the correct slope to prevent odors and blockages. This task requires technical precision so that the water inlets align perfectly with the new layout of toilets, showers, and sinks.<\/p><\/div>\n\t\t\t\t\t<\/div><div class=\"eael-accordion-list\">\n\t\t\t\t\t<div id=\"qu-tener-en-cuenta-al-cambiar-tuberas-de-calefaccin-central\" class=\"elementor-tab-title eael-accordion-header\" tabindex=\"0\" data-tab=\"6\" aria-controls=\"elementor-tab-content-1166\"><span class=\"eael-accordion-tab-title\">What is involved in replacing kitchen piping?<\/span><svg aria-hidden=\"true\" class=\"fa-toggle e-font-icon-svg e-fas-angle-right\" viewbox=\"0 0 256 512\" xmlns=\"http:\/\/www.w3.org\/2000\/svg\"><path d=\"M224.3 273l-136 136c-9.4 9.4-24.6 9.4-33.9 0l-22.6-22.6c-9.4-9.4-9.4-24.6 0-33.9l96.4-96.4-96.4-96.4c-9.4-9.4-9.4-24.6 0-33.9L54.3 103c9.4-9.4 24.6-9.4 33.9 0l136 136c9.5 9.4 9.5 24.6.1 34z\"><\/path><\/svg><\/div><div id=\"elementor-tab-content-1166\" class=\"eael-accordion-content clearfix\" data-tab=\"6\" aria-labelledby=\"qu-tener-en-cuenta-al-cambiar-tuberas-de-calefaccin-central\"><p>It consists of renewing the water inlets and the main drain, adapting them to the new layout of the sink and appliances. Special emphasis is placed on the durability of materials against high water temperatures and the use of detergents.<\/p><\/div>\n\t\t\t\t\t<\/div><\/div>\t\t\t\t<\/div>\n\t\t\t\t<\/div>\n\t\t\t\t\t<\/div>\n\t\t\t\t<\/div>\n\t\t\t\t<\/div>","protected":false},"excerpt":{"rendered":"<p>SERVICIO DE FONTANER\u00cdA Instalaci\u00f3n, mantenimiento y reparaci\u00f3n de redes de tuber\u00edas, grifer\u00eda y sanitarios para el suministro y desag\u00fce de agua. Calidad y Precisi\u00f3n Nuestro servicio de fontaner\u00eda a domicilio abarca desde la reparaci\u00f3n de fugas y desatascos hasta la instalaci\u00f3n completa de sistemas de conducci\u00f3n de agua. Utilizamos materiales de \u00faltima generaci\u00f3n para garantizar [&hellip;]<\/p>\n","protected":false},"author":1,"featured_media":0,"parent":0,"menu_order":0,"comment_status":"closed","ping_status":"closed","template":"elementor_header_footer","meta":{"footnotes":""},"class_list":["post-202","page","type-page","status-publish","hentry"],"yoast_head":"<!-- This site is optimized with the Yoast SEO plugin v27.0 - https:\/\/yoast.com\/product\/yoast-seo-wordpress\/ -->\n<title>Fontaner\u00eda - obralift.net<\/title>\n<meta name=\"robots\" content=\"index, follow, max-snippet:-1, max-image-preview:large, max-video-preview:-1\" \/>\n<link rel=\"canonical\" href=\"https:\/\/obralift.net\/en\/fontaneria\/\" \/>\n<meta property=\"og:locale\" content=\"en_US\" \/>\n<meta property=\"og:type\" content=\"article\" \/>\n<meta property=\"og:title\" content=\"Fontaner\u00eda - obralift.net\" \/>\n<meta property=\"og:description\" content=\"SERVICIO DE FONTANER\u00cdA Instalaci\u00f3n, mantenimiento y reparaci\u00f3n de redes de tuber\u00edas, grifer\u00eda y sanitarios para el suministro y desag\u00fce de agua. Calidad y Precisi\u00f3n Nuestro servicio de fontaner\u00eda a domicilio abarca desde la reparaci\u00f3n de fugas y desatascos hasta la instalaci\u00f3n completa de sistemas de conducci\u00f3n de agua. Utilizamos materiales de \u00faltima generaci\u00f3n para garantizar [&hellip;]\" \/>\n<meta property=\"og:url\" content=\"https:\/\/obralift.net\/en\/fontaneria\/\" \/>\n<meta property=\"og:site_name\" content=\"obralift.net\" \/>\n<meta property=\"article:modified_time\" content=\"2026-02-25T14:35:10+00:00\" \/>\n<meta name=\"twitter:card\" content=\"summary_large_image\" \/>\n<meta name=\"twitter:label1\" content=\"Est. reading time\" \/>\n\t<meta name=\"twitter:data1\" content=\"2 minutes\" \/>\n<script type=\"application\/ld+json\" class=\"yoast-schema-graph\">{\"@context\":\"https:\/\/schema.org\",\"@graph\":[{\"@type\":\"WebPage\",\"@id\":\"https:\/\/obralift.net\/fontaneria\/\",\"url\":\"https:\/\/obralift.net\/fontaneria\/\",\"name\":\"Fontaner\u00eda - obralift.net\",\"isPartOf\":{\"@id\":\"https:\/\/obralift.net\/#website\"},\"datePublished\":\"2026-02-24T21:36:51+00:00\",\"dateModified\":\"2026-02-25T14:35:10+00:00\",\"breadcrumb\":{\"@id\":\"https:\/\/obralift.net\/fontaneria\/#breadcrumb\"},\"inLanguage\":\"en-US\",\"potentialAction\":[{\"@type\":\"ReadAction\",\"target\":[\"https:\/\/obralift.net\/fontaneria\/\"]}]},{\"@type\":\"BreadcrumbList\",\"@id\":\"https:\/\/obralift.net\/fontaneria\/#breadcrumb\",\"itemListElement\":[{\"@type\":\"ListItem\",\"position\":1,\"name\":\"Portada\",\"item\":\"https:\/\/obralift.net\/\"},{\"@type\":\"ListItem\",\"position\":2,\"name\":\"Fontaner\u00eda\"}]},{\"@type\":\"WebSite\",\"@id\":\"https:\/\/obralift.net\/#website\",\"url\":\"https:\/\/obralift.net\/\",\"name\":\"obralift.net\",\"description\":\"\",\"publisher\":{\"@id\":\"https:\/\/obralift.net\/#organization\"},\"potentialAction\":[{\"@type\":\"SearchAction\",\"target\":{\"@type\":\"EntryPoint\",\"urlTemplate\":\"https:\/\/obralift.net\/?s={search_term_string}\"},\"query-input\":{\"@type\":\"PropertyValueSpecification\",\"valueRequired\":true,\"valueName\":\"search_term_string\"}}],\"inLanguage\":\"en-US\"},{\"@type\":\"Organization\",\"@id\":\"https:\/\/obralift.net\/#organization\",\"name\":\"obralift.net\",\"url\":\"https:\/\/obralift.net\/\",\"logo\":{\"@type\":\"ImageObject\",\"inLanguage\":\"en-US\",\"@id\":\"https:\/\/obralift.net\/#\/schema\/logo\/image\/\",\"url\":\"https:\/\/obralift.net\/wp-content\/uploads\/2025\/11\/5.png\",\"contentUrl\":\"https:\/\/obralift.net\/wp-content\/uploads\/2025\/11\/5.png\",\"width\":500,\"height\":206,\"caption\":\"obralift.net\"},\"image\":{\"@id\":\"https:\/\/obralift.net\/#\/schema\/logo\/image\/\"}}]}<\/script>\n<!-- \/ Yoast SEO plugin. -->","yoast_head_json":{"title":"Fontaner\u00eda - obralift.net","robots":{"index":"index","follow":"follow","max-snippet":"max-snippet:-1","max-image-preview":"max-image-preview:large","max-video-preview":"max-video-preview:-1"},"canonical":"https:\/\/obralift.net\/en\/fontaneria\/","og_locale":"en_US","og_type":"article","og_title":"Fontaner\u00eda - obralift.net","og_description":"SERVICIO DE FONTANER\u00cdA Instalaci\u00f3n, mantenimiento y reparaci\u00f3n de redes de tuber\u00edas, grifer\u00eda y sanitarios para el suministro y desag\u00fce de agua. Calidad y Precisi\u00f3n Nuestro servicio de fontaner\u00eda a domicilio abarca desde la reparaci\u00f3n de fugas y desatascos hasta la instalaci\u00f3n completa de sistemas de conducci\u00f3n de agua. Utilizamos materiales de \u00faltima generaci\u00f3n para garantizar [&hellip;]","og_url":"https:\/\/obralift.net\/en\/fontaneria\/","og_site_name":"obralift.net","article_modified_time":"2026-02-25T14:35:10+00:00","twitter_card":"summary_large_image","twitter_misc":{"Est. reading time":"2 minutes"},"schema":{"@context":"https:\/\/schema.org","@graph":[{"@type":"WebPage","@id":"https:\/\/obralift.net\/fontaneria\/","url":"https:\/\/obralift.net\/fontaneria\/","name":"Fontaner\u00eda - obralift.net","isPartOf":{"@id":"https:\/\/obralift.net\/#website"},"datePublished":"2026-02-24T21:36:51+00:00","dateModified":"2026-02-25T14:35:10+00:00","breadcrumb":{"@id":"https:\/\/obralift.net\/fontaneria\/#breadcrumb"},"inLanguage":"en-US","potentialAction":[{"@type":"ReadAction","target":["https:\/\/obralift.net\/fontaneria\/"]}]},{"@type":"BreadcrumbList","@id":"https:\/\/obralift.net\/fontaneria\/#breadcrumb","itemListElement":[{"@type":"ListItem","position":1,"name":"Portada","item":"https:\/\/obralift.net\/"},{"@type":"ListItem","position":2,"name":"Fontaner\u00eda"}]},{"@type":"WebSite","@id":"https:\/\/obralift.net\/#website","url":"https:\/\/obralift.net\/","name":"obralift.net","description":"","publisher":{"@id":"https:\/\/obralift.net\/#organization"},"potentialAction":[{"@type":"SearchAction","target":{"@type":"EntryPoint","urlTemplate":"https:\/\/obralift.net\/?s={search_term_string}"},"query-input":{"@type":"PropertyValueSpecification","valueRequired":true,"valueName":"search_term_string"}}],"inLanguage":"en-US"},{"@type":"Organization","@id":"https:\/\/obralift.net\/#organization","name":"obralift.net","url":"https:\/\/obralift.net\/","logo":{"@type":"ImageObject","inLanguage":"en-US","@id":"https:\/\/obralift.net\/#\/schema\/logo\/image\/","url":"https:\/\/obralift.net\/wp-content\/uploads\/2025\/11\/5.png","contentUrl":"https:\/\/obralift.net\/wp-content\/uploads\/2025\/11\/5.png","width":500,"height":206,"caption":"obralift.net"},"image":{"@id":"https:\/\/obralift.net\/#\/schema\/logo\/image\/"}}]}},"_links":{"self":[{"href":"https:\/\/obralift.net\/en\/wp-json\/wp\/v2\/pages\/202","targetHints":{"allow":["GET"]}}],"collection":[{"href":"https:\/\/obralift.net\/en\/wp-json\/wp\/v2\/pages"}],"about":[{"href":"https:\/\/obralift.net\/en\/wp-json\/wp\/v2\/types\/page"}],"author":[{"embeddable":true,"href":"https:\/\/obralift.net\/en\/wp-json\/wp\/v2\/users\/1"}],"replies":[{"embeddable":true,"href":"https:\/\/obralift.net\/en\/wp-json\/wp\/v2\/comments?post=202"}],"version-history":[{"count":16,"href":"https:\/\/obralift.net\/en\/wp-json\/wp\/v2\/pages\/202\/revisions"}],"predecessor-version":[{"id":256,"href":"https:\/\/obralift.net\/en\/wp-json\/wp\/v2\/pages\/202\/revisions\/256"}],"wp:attachment":[{"href":"https:\/\/obralift.net\/en\/wp-json\/wp\/v2\/media?parent=202"}],"curies":[{"name":"wp","href":"https:\/\/api.w.org\/{rel}","templated":true}]}}