{"id":192,"date":"2026-02-24T12:06:04","date_gmt":"2026-02-24T12:06:04","guid":{"rendered":"https:\/\/obralift.net\/?page_id=192"},"modified":"2026-02-24T12:20:57","modified_gmt":"2026-02-24T12:20:57","slug":"obra-para-instalacion-de-ascensores","status":"publish","type":"page","link":"https:\/\/obralift.net\/en\/obra-para-instalacion-de-ascensores\/","title":{"rendered":"Work for elevator installation"},"content":{"rendered":"<div data-elementor-type=\"wp-page\" data-elementor-id=\"192\" class=\"elementor elementor-192\" data-elementor-post-type=\"page\">\n\t\t\t\t<div class=\"elementor-element elementor-element-ddcee0c e-flex e-con-boxed e-con e-parent\" data-id=\"ddcee0c\" data-element_type=\"container\" data-e-type=\"container\" data-settings=\"{&quot;background_background&quot;:&quot;classic&quot;,&quot;shape_divider_bottom&quot;:&quot;tilt&quot;}\">\n\t\t\t\t\t<div class=\"e-con-inner\">\n\t\t\t\t<div class=\"elementor-shape elementor-shape-bottom\" aria-hidden=\"true\" data-negative=\"false\">\n\t\t\t<svg xmlns=\"http:\/\/www.w3.org\/2000\/svg\" viewbox=\"0 0 1000 100\" preserveaspectratio=\"none\">\n\t<path class=\"elementor-shape-fill\" d=\"M0,6V0h1000v100L0,6z\"\/>\n<\/svg>\t\t<\/div>\n\t\t<div class=\"elementor-element elementor-element-0186416 e-con-full e-flex e-con e-child\" data-id=\"0186416\" data-element_type=\"container\" data-e-type=\"container\">\n\t\t\t\t<div class=\"elementor-element elementor-element-20ffa00 elementor-widget elementor-widget-heading\" data-id=\"20ffa00\" data-element_type=\"widget\" data-e-type=\"widget\" data-widget_type=\"heading.default\">\n\t\t\t\t\t<h1 class=\"elementor-heading-title elementor-size-default\">OBRA PARA\nINSTALACI\u00d3N\nDE ASCENSORES<\/h1>\t\t\t\t<\/div>\n\t\t\t\t<div class=\"elementor-element elementor-element-698fefc elementor-widget__width-initial elementor-widget elementor-widget-text-editor\" data-id=\"698fefc\" data-element_type=\"widget\" data-e-type=\"widget\" data-widget_type=\"text-editor.default\">\n\t\t\t\t\t\t\t\t\t<p>Assembly, and adaptation of structures for elevators and vertical access solutions in buildings.<\/p>\t\t\t\t\t\t\t\t<\/div>\n\t\t\t\t<\/div>\n\t\t\t\t\t<\/div>\n\t\t\t\t<\/div>\n\t\t<div class=\"elementor-element elementor-element-8bc3f6b e-flex e-con-boxed e-con e-parent\" data-id=\"8bc3f6b\" data-element_type=\"container\" data-e-type=\"container\" id=\"obras\" data-settings=\"{&quot;background_background&quot;:&quot;classic&quot;}\">\n\t\t\t\t\t<div class=\"e-con-inner\">\n\t\t<div class=\"elementor-element elementor-element-cbbe97f e-con-full e-flex e-con e-child\" data-id=\"cbbe97f\" data-element_type=\"container\" data-e-type=\"container\">\n\t\t\t\t<div class=\"elementor-element elementor-element-b7bbc3e elementor-widget elementor-widget-heading\" data-id=\"b7bbc3e\" data-element_type=\"widget\" data-e-type=\"widget\" data-widget_type=\"heading.default\">\n\t\t\t\t\t<h2 class=\"elementor-heading-title elementor-size-default\">Nuestra Experiencia<\/h2>\t\t\t\t<\/div>\n\t\t\t\t<div class=\"elementor-element elementor-element-4bd72e6 elementor-widget__width-initial elementor-widget elementor-widget-text-editor\" data-id=\"4bd72e6\" data-element_type=\"widget\" data-e-type=\"widget\" data-widget_type=\"text-editor.default\">\n\t\t\t\t\t\t\t\t\t<p>Nos encargamos de todo el proceso t\u00e9cnico y estructural para que el montaje de su elevador sea impecable. Desde la adaptaci\u00f3n del hueco hasta la estructura de soporte final.<\/p>\t\t\t\t\t\t\t\t<\/div>\n\t\t\t\t<\/div>\n\t\t<div class=\"elementor-element elementor-element-22de99b e-con-full e-flex e-con e-child\" data-id=\"22de99b\" data-element_type=\"container\" data-e-type=\"container\">\n\t\t\t\t<div class=\"elementor-element elementor-element-b852421 elementor-widget__width-initial elementor-icon-list--layout-traditional elementor-list-item-link-full_width elementor-widget elementor-widget-icon-list\" data-id=\"b852421\" data-element_type=\"widget\" data-e-type=\"widget\" data-widget_type=\"icon-list.default\">\n\t\t\t\t\t\t\t<ul class=\"elementor-icon-list-items\">\n\t\t\t\t\t\t\t<li class=\"elementor-icon-list-item\">\n\t\t\t\t\t\t\t\t\t\t\t<span class=\"elementor-icon-list-icon\">\n\t\t\t\t\t\t\t<svg aria-hidden=\"true\" class=\"e-font-icon-svg e-fas-check\" viewbox=\"0 0 512 512\" xmlns=\"http:\/\/www.w3.org\/2000\/svg\"><path d=\"M173.898 439.404l-166.4-166.4c-9.997-9.997-9.997-26.206 0-36.204l36.203-36.204c9.997-9.998 26.207-9.998 36.204 0L192 312.69 432.095 72.596c9.997-9.997 26.207-9.997 36.204 0l36.203 36.204c9.997 9.997 9.997 26.206 0 36.204l-294.4 294.401c-9.998 9.997-26.207 9.997-36.204-.001z\"><\/path><\/svg>\t\t\t\t\t\t<\/span>\n\t\t\t\t\t\t\t\t\t\t<span class=\"elementor-icon-list-text\">Adaptaci\u00f3n de huecos existentes.<\/span>\n\t\t\t\t\t\t\t\t\t<\/li>\n\t\t\t\t\t\t\t\t<li class=\"elementor-icon-list-item\">\n\t\t\t\t\t\t\t\t\t\t\t<span class=\"elementor-icon-list-icon\">\n\t\t\t\t\t\t\t<svg aria-hidden=\"true\" class=\"e-font-icon-svg e-fas-check\" viewbox=\"0 0 512 512\" xmlns=\"http:\/\/www.w3.org\/2000\/svg\"><path d=\"M173.898 439.404l-166.4-166.4c-9.997-9.997-9.997-26.206 0-36.204l36.203-36.204c9.997-9.998 26.207-9.998 36.204 0L192 312.69 432.095 72.596c9.997-9.997 26.207-9.997 36.204 0l36.203 36.204c9.997 9.997 9.997 26.206 0 36.204l-294.4 294.401c-9.998 9.997-26.207 9.997-36.204-.001z\"><\/path><\/svg>\t\t\t\t\t\t<\/span>\n\t\t\t\t\t\t\t\t\t\t<span class=\"elementor-icon-list-text\">Estructuras met\u00e1licas a medida.<\/span>\n\t\t\t\t\t\t\t\t\t<\/li>\n\t\t\t\t\t\t\t\t<li class=\"elementor-icon-list-item\">\n\t\t\t\t\t\t\t\t\t\t\t<span class=\"elementor-icon-list-icon\">\n\t\t\t\t\t\t\t<svg aria-hidden=\"true\" class=\"e-font-icon-svg e-fas-check\" viewbox=\"0 0 512 512\" xmlns=\"http:\/\/www.w3.org\/2000\/svg\"><path d=\"M173.898 439.404l-166.4-166.4c-9.997-9.997-9.997-26.206 0-36.204l36.203-36.204c9.997-9.998 26.207-9.998 36.204 0L192 312.69 432.095 72.596c9.997-9.997 26.207-9.997 36.204 0l36.203 36.204c9.997 9.997 9.997 26.206 0 36.204l-294.4 294.401c-9.998 9.997-26.207 9.997-36.204-.001z\"><\/path><\/svg>\t\t\t\t\t\t<\/span>\n\t\t\t\t\t\t\t\t\t\t<span class=\"elementor-icon-list-text\">Cumplimiento de normativas vigentes.<\/span>\n\t\t\t\t\t\t\t\t\t<\/li>\n\t\t\t\t\t\t<\/ul>\n\t\t\t\t\t\t<\/div>\n\t\t\t\t<\/div>\n\t\t\t\t\t<\/div>\n\t\t\t\t<\/div>\n\t\t<div class=\"elementor-element elementor-element-bcc576f e-flex e-con-boxed e-con e-parent\" data-id=\"bcc576f\" data-element_type=\"container\" data-e-type=\"container\" data-settings=\"{&quot;background_background&quot;:&quot;classic&quot;}\">\n\t\t\t\t\t<div class=\"e-con-inner\">\n\t\t<div class=\"elementor-element elementor-element-f592403 e-con-full e-flex e-con e-child\" data-id=\"f592403\" data-element_type=\"container\" data-e-type=\"container\">\n\t\t\t\t<div class=\"elementor-element elementor-element-ebd07f4 elementor-widget elementor-widget-heading\" data-id=\"ebd07f4\" data-element_type=\"widget\" data-e-type=\"widget\" data-widget_type=\"heading.default\">\n\t\t\t\t\t<h3 class=\"elementor-heading-title elementor-size-default\">FREQUENTLY ASKED QUESTIONS<\/h3>\t\t\t\t<\/div>\n\t\t\t\t<div class=\"elementor-element elementor-element-6ea0eae elementor-widget elementor-widget-eael-adv-accordion\" data-id=\"6ea0eae\" data-element_type=\"widget\" data-e-type=\"widget\" data-widget_type=\"eael-adv-accordion.default\">\n\t\t\t\t\t            <div class=\"eael-adv-accordion\" id=\"eael-adv-accordion-6ea0eae\" data-scroll-on-click=\"no\" data-scroll-speed=\"300\" data-accordion-id=\"6ea0eae\" data-accordion-type=\"accordion\" data-toogle-speed=\"300\">\n            <div class=\"eael-accordion-list\">\n\t\t\t\t\t<div id=\"qu-incluye-la-obra-para-la-instalacin-de-un-ascensor\" class=\"elementor-tab-title eael-accordion-header\" tabindex=\"0\" data-tab=\"1\" aria-controls=\"elementor-tab-content-1161\"><span class=\"eael-accordion-tab-title\">\u00bfQu\u00e9 incluye la obra para la instalaci\u00f3n de un ascensor?<\/span><svg aria-hidden=\"true\" class=\"fa-toggle e-font-icon-svg e-fas-angle-right\" viewbox=\"0 0 256 512\" xmlns=\"http:\/\/www.w3.org\/2000\/svg\"><path d=\"M224.3 273l-136 136c-9.4 9.4-24.6 9.4-33.9 0l-22.6-22.6c-9.4-9.4-9.4-24.6 0-33.9l96.4-96.4-96.4-96.4c-9.4-9.4-9.4-24.6 0-33.9L54.3 103c9.4-9.4 24.6-9.4 33.9 0l136 136c9.5 9.4 9.5 24.6.1 34z\"><\/path><\/svg><\/div><div id=\"elementor-tab-content-1161\" class=\"eael-accordion-content clearfix\" data-tab=\"1\" aria-labelledby=\"qu-incluye-la-obra-para-la-instalacin-de-un-ascensor\"><p>Al instalar equipos Stiltz o Cibes, la obra es m\u00ednima: solo requiere realizar un peque\u00f1o corte en el forjado (suelo\/techo) y asegurar una conexi\u00f3n el\u00e9ctrica monof\u00e1sica est\u00e1ndar. No se necesita construir un foso profundo ni una sala de m\u00e1quinas dedicada.<\/p><\/div>\n\t\t\t\t\t<\/div><div class=\"eael-accordion-list\">\n\t\t\t\t\t<div id=\"cunto-tiempo-tarda-la-obra-para-instalar-un-ascensor\" class=\"elementor-tab-title eael-accordion-header\" tabindex=\"0\" data-tab=\"2\" aria-controls=\"elementor-tab-content-1162\"><span class=\"eael-accordion-tab-title\">\u00bfCu\u00e1nto tiempo tarda la obra para instalar un ascensor?<\/span><svg aria-hidden=\"true\" class=\"fa-toggle e-font-icon-svg e-fas-angle-right\" viewbox=\"0 0 256 512\" xmlns=\"http:\/\/www.w3.org\/2000\/svg\"><path d=\"M224.3 273l-136 136c-9.4 9.4-24.6 9.4-33.9 0l-22.6-22.6c-9.4-9.4-9.4-24.6 0-33.9l96.4-96.4-96.4-96.4c-9.4-9.4-9.4-24.6 0-33.9L54.3 103c9.4-9.4 24.6-9.4 33.9 0l136 136c9.5 9.4 9.5 24.6.1 34z\"><\/path><\/svg><\/div><div id=\"elementor-tab-content-1162\" class=\"eael-accordion-content clearfix\" data-tab=\"2\" aria-labelledby=\"cunto-tiempo-tarda-la-obra-para-instalar-un-ascensor\"><p>Gracias a que no requieren sala de m\u00e1quinas, la obra civil se reduce dr\u00e1sticamente, pudiendo completarse en solo 2 o 3 d\u00edas. El montaje del equipo suele realizarse en otras 48 horas, permitiendo tener el ascensor operativo en menos de una semana.<\/p><\/div>\n\t\t\t\t\t<\/div><div class=\"eael-accordion-list\">\n\t\t\t\t\t<div id=\"cunto-cuesta-la-obra-para-instalar-un-ascensor\" class=\"elementor-tab-title eael-accordion-header\" tabindex=\"0\" data-tab=\"3\" aria-controls=\"elementor-tab-content-1163\"><span class=\"eael-accordion-tab-title\">\u00bfCu\u00e1nto cuesta la obra para instalar un ascensor?<\/span><svg aria-hidden=\"true\" class=\"fa-toggle e-font-icon-svg e-fas-angle-right\" viewbox=\"0 0 256 512\" xmlns=\"http:\/\/www.w3.org\/2000\/svg\"><path d=\"M224.3 273l-136 136c-9.4 9.4-24.6 9.4-33.9 0l-22.6-22.6c-9.4-9.4-9.4-24.6 0-33.9l96.4-96.4-96.4-96.4c-9.4-9.4-9.4-24.6 0-33.9L54.3 103c9.4-9.4 24.6-9.4 33.9 0l136 136c9.5 9.4 9.5 24.6.1 34z\"><\/path><\/svg><\/div><div id=\"elementor-tab-content-1163\" class=\"eael-accordion-content clearfix\" data-tab=\"3\" aria-labelledby=\"cunto-cuesta-la-obra-para-instalar-un-ascensor\"><p>El costo de obra es significativamente menor al de un ascensor tradicional, ya que se eliminan los gastos de excavaci\u00f3n de foso y construcci\u00f3n de cuarto de m\u00e1quinas. El presupuesto se centra casi exclusivamente en la adecuaci\u00f3n est\u00e9tica del espacio donde<br \/>se ubicar\u00e1 el equipo.<\/p><\/div>\n\t\t\t\t\t<\/div><div class=\"eael-accordion-list\">\n\t\t\t\t\t<div id=\"la-obra-en-s-incluye-la-instalacin-del-ascensor\" class=\"elementor-tab-title eael-accordion-header\" tabindex=\"0\" data-tab=\"4\" aria-controls=\"elementor-tab-content-1164\"><span class=\"eael-accordion-tab-title\">La obra en s\u00ed, \u00bfincluye la instalaci\u00f3n del ascensor?<\/span><svg aria-hidden=\"true\" class=\"fa-toggle e-font-icon-svg e-fas-angle-right\" viewbox=\"0 0 256 512\" xmlns=\"http:\/\/www.w3.org\/2000\/svg\"><path d=\"M224.3 273l-136 136c-9.4 9.4-24.6 9.4-33.9 0l-22.6-22.6c-9.4-9.4-9.4-24.6 0-33.9l96.4-96.4-96.4-96.4c-9.4-9.4-9.4-24.6 0-33.9L54.3 103c9.4-9.4 24.6-9.4 33.9 0l136 136c9.5 9.4 9.5 24.6.1 34z\"><\/path><\/svg><\/div><div id=\"elementor-tab-content-1164\" class=\"eael-accordion-content clearfix\" data-tab=\"4\" aria-labelledby=\"la-obra-en-s-incluye-la-instalacin-del-ascensor\"><p>S\u00ed, en Obralift ofrecemos una soluci\u00f3n integral. Nos encargamos de la m\u00ednima adecuaci\u00f3n estructural necesaria y del montaje especializado de los equipos autoportantes, entregando el sistema listo para usar sin intermediarios. se ubicar\u00e1 el equipo.<\/p><\/div>\n\t\t\t\t\t<\/div><div class=\"eael-accordion-list\">\n\t\t\t\t\t<div id=\"qu-permisos-o-trmites-hay-que-gestionar-antes-de-la-obra\" class=\"elementor-tab-title eael-accordion-header\" tabindex=\"0\" data-tab=\"5\" aria-controls=\"elementor-tab-content-1165\"><span class=\"eael-accordion-tab-title\">\u00bfQu\u00e9 permisos o tr\u00e1mites hay que gestionar antes de la obra?<\/span><svg aria-hidden=\"true\" class=\"fa-toggle e-font-icon-svg e-fas-angle-right\" viewbox=\"0 0 256 512\" xmlns=\"http:\/\/www.w3.org\/2000\/svg\"><path d=\"M224.3 273l-136 136c-9.4 9.4-24.6 9.4-33.9 0l-22.6-22.6c-9.4-9.4-9.4-24.6 0-33.9l96.4-96.4-96.4-96.4c-9.4-9.4-9.4-24.6 0-33.9L54.3 103c9.4-9.4 24.6-9.4 33.9 0l136 136c9.5 9.4 9.5 24.6.1 34z\"><\/path><\/svg><\/div><div id=\"elementor-tab-content-1165\" class=\"eael-accordion-content clearfix\" data-tab=\"5\" aria-labelledby=\"qu-permisos-o-trmites-hay-que-gestionar-antes-de-la-obra\"><p>Aunque la obra es menor, se recomienda informar al ayuntamiento o consorcio. Al ser equipos que no alteran significativamente la estructura del edificio, los tr\u00e1mites son mucho m\u00e1s \u00e1giles y sencillos que en una instalaci\u00f3n convencional.<\/p><\/div>\n\t\t\t\t\t<\/div><div class=\"eael-accordion-list\">\n\t\t\t\t\t<div id=\"-es-necesario-coordinar-la-obra-con-la-empresa-instaladora-del-ascensor\" class=\"elementor-tab-title eael-accordion-header\" tabindex=\"0\" data-tab=\"6\" aria-controls=\"elementor-tab-content-1166\"><span class=\"eael-accordion-tab-title\"> \u00bfEs necesario coordinar la obra con la empresa instaladora del ascensor?<\/span><svg aria-hidden=\"true\" class=\"fa-toggle e-font-icon-svg e-fas-angle-right\" viewbox=\"0 0 256 512\" xmlns=\"http:\/\/www.w3.org\/2000\/svg\"><path d=\"M224.3 273l-136 136c-9.4 9.4-24.6 9.4-33.9 0l-22.6-22.6c-9.4-9.4-9.4-24.6 0-33.9l96.4-96.4-96.4-96.4c-9.4-9.4-9.4-24.6 0-33.9L54.3 103c9.4-9.4 24.6-9.4 33.9 0l136 136c9.5 9.4 9.5 24.6.1 34z\"><\/path><\/svg><\/div><div id=\"elementor-tab-content-1166\" class=\"eael-accordion-content clearfix\" data-tab=\"6\" aria-labelledby=\"-es-necesario-coordinar-la-obra-con-la-empresa-instaladora-del-ascensor\"><p>Al ser nosotros mismos quienes realizamos la adecuaci\u00f3n y la instalaci\u00f3n de los equipos Cibes o Stiltz, la coordinaci\u00f3n es total y el margen de error es nulo. Esto garantiza que el equipo encaje perfectamente en el hueco realizado.<\/p><\/div>\n\t\t\t\t\t<\/div><\/div>\t\t\t\t<\/div>\n\t\t\t\t<\/div>\n\t\t\t\t\t<\/div>\n\t\t\t\t<\/div>\n\t\t\t\t<\/div>","protected":false},"excerpt":{"rendered":"<p>OBRA PARA INSTALACI\u00d3N DE ASCENSORES Instalaci\u00f3n, montaje y adaptaci\u00f3n de estructuras para elevadores y soluciones de acceso vertical en edificios. Nuestra Experiencia Nos encargamos de todo el proceso t\u00e9cnico y estructural para que el montaje de su elevador sea impecable. Desde la adaptaci\u00f3n del hueco hasta la estructura de soporte final. Adaptaci\u00f3n de huecos existentes. [&hellip;]<\/p>\n","protected":false},"author":1,"featured_media":0,"parent":0,"menu_order":0,"comment_status":"closed","ping_status":"closed","template":"elementor_header_footer","meta":{"footnotes":""},"class_list":["post-192","page","type-page","status-publish","hentry"],"yoast_head":"<!-- This site is optimized with the Yoast SEO plugin v27.0 - https:\/\/yoast.com\/product\/yoast-seo-wordpress\/ -->\n<title>Obra para instalaci\u00f3n de ascensores - obralift.net<\/title>\n<meta name=\"robots\" content=\"index, follow, max-snippet:-1, max-image-preview:large, max-video-preview:-1\" \/>\n<link rel=\"canonical\" href=\"https:\/\/obralift.net\/en\/obra-para-instalacion-de-ascensores\/\" \/>\n<meta property=\"og:locale\" content=\"en_US\" \/>\n<meta property=\"og:type\" content=\"article\" \/>\n<meta property=\"og:title\" content=\"Obra para instalaci\u00f3n de ascensores - obralift.net\" \/>\n<meta property=\"og:description\" content=\"OBRA PARA INSTALACI\u00d3N DE ASCENSORES Instalaci\u00f3n, montaje y adaptaci\u00f3n de estructuras para elevadores y soluciones de acceso vertical en edificios. Nuestra Experiencia Nos encargamos de todo el proceso t\u00e9cnico y estructural para que el montaje de su elevador sea impecable. Desde la adaptaci\u00f3n del hueco hasta la estructura de soporte final. Adaptaci\u00f3n de huecos existentes. [&hellip;]\" \/>\n<meta property=\"og:url\" content=\"https:\/\/obralift.net\/en\/obra-para-instalacion-de-ascensores\/\" \/>\n<meta property=\"og:site_name\" content=\"obralift.net\" \/>\n<meta property=\"article:modified_time\" content=\"2026-02-24T12:20:57+00:00\" \/>\n<meta name=\"twitter:card\" content=\"summary_large_image\" \/>\n<meta name=\"twitter:label1\" content=\"Est. reading time\" \/>\n\t<meta name=\"twitter:data1\" content=\"2 minutes\" \/>\n<script type=\"application\/ld+json\" class=\"yoast-schema-graph\">{\"@context\":\"https:\/\/schema.org\",\"@graph\":[{\"@type\":\"WebPage\",\"@id\":\"https:\/\/obralift.net\/obra-para-instalacion-de-ascensores\/\",\"url\":\"https:\/\/obralift.net\/obra-para-instalacion-de-ascensores\/\",\"name\":\"Obra para instalaci\u00f3n de ascensores - obralift.net\",\"isPartOf\":{\"@id\":\"https:\/\/obralift.net\/#website\"},\"datePublished\":\"2026-02-24T12:06:04+00:00\",\"dateModified\":\"2026-02-24T12:20:57+00:00\",\"breadcrumb\":{\"@id\":\"https:\/\/obralift.net\/obra-para-instalacion-de-ascensores\/#breadcrumb\"},\"inLanguage\":\"en-US\",\"potentialAction\":[{\"@type\":\"ReadAction\",\"target\":[\"https:\/\/obralift.net\/obra-para-instalacion-de-ascensores\/\"]}]},{\"@type\":\"BreadcrumbList\",\"@id\":\"https:\/\/obralift.net\/obra-para-instalacion-de-ascensores\/#breadcrumb\",\"itemListElement\":[{\"@type\":\"ListItem\",\"position\":1,\"name\":\"Portada\",\"item\":\"https:\/\/obralift.net\/\"},{\"@type\":\"ListItem\",\"position\":2,\"name\":\"Obra para instalaci\u00f3n de ascensores\"}]},{\"@type\":\"WebSite\",\"@id\":\"https:\/\/obralift.net\/#website\",\"url\":\"https:\/\/obralift.net\/\",\"name\":\"obralift.net\",\"description\":\"\",\"publisher\":{\"@id\":\"https:\/\/obralift.net\/#organization\"},\"potentialAction\":[{\"@type\":\"SearchAction\",\"target\":{\"@type\":\"EntryPoint\",\"urlTemplate\":\"https:\/\/obralift.net\/?s={search_term_string}\"},\"query-input\":{\"@type\":\"PropertyValueSpecification\",\"valueRequired\":true,\"valueName\":\"search_term_string\"}}],\"inLanguage\":\"en-US\"},{\"@type\":\"Organization\",\"@id\":\"https:\/\/obralift.net\/#organization\",\"name\":\"obralift.net\",\"url\":\"https:\/\/obralift.net\/\",\"logo\":{\"@type\":\"ImageObject\",\"inLanguage\":\"en-US\",\"@id\":\"https:\/\/obralift.net\/#\/schema\/logo\/image\/\",\"url\":\"https:\/\/obralift.net\/wp-content\/uploads\/2025\/11\/5.png\",\"contentUrl\":\"https:\/\/obralift.net\/wp-content\/uploads\/2025\/11\/5.png\",\"width\":500,\"height\":206,\"caption\":\"obralift.net\"},\"image\":{\"@id\":\"https:\/\/obralift.net\/#\/schema\/logo\/image\/\"}}]}<\/script>\n<!-- \/ Yoast SEO plugin. -->","yoast_head_json":{"title":"Obra para instalaci\u00f3n de ascensores - obralift.net","robots":{"index":"index","follow":"follow","max-snippet":"max-snippet:-1","max-image-preview":"max-image-preview:large","max-video-preview":"max-video-preview:-1"},"canonical":"https:\/\/obralift.net\/en\/obra-para-instalacion-de-ascensores\/","og_locale":"en_US","og_type":"article","og_title":"Obra para instalaci\u00f3n de ascensores - obralift.net","og_description":"OBRA PARA INSTALACI\u00d3N DE ASCENSORES Instalaci\u00f3n, montaje y adaptaci\u00f3n de estructuras para elevadores y soluciones de acceso vertical en edificios. Nuestra Experiencia Nos encargamos de todo el proceso t\u00e9cnico y estructural para que el montaje de su elevador sea impecable. Desde la adaptaci\u00f3n del hueco hasta la estructura de soporte final. Adaptaci\u00f3n de huecos existentes. [&hellip;]","og_url":"https:\/\/obralift.net\/en\/obra-para-instalacion-de-ascensores\/","og_site_name":"obralift.net","article_modified_time":"2026-02-24T12:20:57+00:00","twitter_card":"summary_large_image","twitter_misc":{"Est. reading time":"2 minutes"},"schema":{"@context":"https:\/\/schema.org","@graph":[{"@type":"WebPage","@id":"https:\/\/obralift.net\/obra-para-instalacion-de-ascensores\/","url":"https:\/\/obralift.net\/obra-para-instalacion-de-ascensores\/","name":"Obra para instalaci\u00f3n de ascensores - obralift.net","isPartOf":{"@id":"https:\/\/obralift.net\/#website"},"datePublished":"2026-02-24T12:06:04+00:00","dateModified":"2026-02-24T12:20:57+00:00","breadcrumb":{"@id":"https:\/\/obralift.net\/obra-para-instalacion-de-ascensores\/#breadcrumb"},"inLanguage":"en-US","potentialAction":[{"@type":"ReadAction","target":["https:\/\/obralift.net\/obra-para-instalacion-de-ascensores\/"]}]},{"@type":"BreadcrumbList","@id":"https:\/\/obralift.net\/obra-para-instalacion-de-ascensores\/#breadcrumb","itemListElement":[{"@type":"ListItem","position":1,"name":"Portada","item":"https:\/\/obralift.net\/"},{"@type":"ListItem","position":2,"name":"Obra para instalaci\u00f3n de ascensores"}]},{"@type":"WebSite","@id":"https:\/\/obralift.net\/#website","url":"https:\/\/obralift.net\/","name":"obralift.net","description":"","publisher":{"@id":"https:\/\/obralift.net\/#organization"},"potentialAction":[{"@type":"SearchAction","target":{"@type":"EntryPoint","urlTemplate":"https:\/\/obralift.net\/?s={search_term_string}"},"query-input":{"@type":"PropertyValueSpecification","valueRequired":true,"valueName":"search_term_string"}}],"inLanguage":"en-US"},{"@type":"Organization","@id":"https:\/\/obralift.net\/#organization","name":"obralift.net","url":"https:\/\/obralift.net\/","logo":{"@type":"ImageObject","inLanguage":"en-US","@id":"https:\/\/obralift.net\/#\/schema\/logo\/image\/","url":"https:\/\/obralift.net\/wp-content\/uploads\/2025\/11\/5.png","contentUrl":"https:\/\/obralift.net\/wp-content\/uploads\/2025\/11\/5.png","width":500,"height":206,"caption":"obralift.net"},"image":{"@id":"https:\/\/obralift.net\/#\/schema\/logo\/image\/"}}]}},"_links":{"self":[{"href":"https:\/\/obralift.net\/en\/wp-json\/wp\/v2\/pages\/192","targetHints":{"allow":["GET"]}}],"collection":[{"href":"https:\/\/obralift.net\/en\/wp-json\/wp\/v2\/pages"}],"about":[{"href":"https:\/\/obralift.net\/en\/wp-json\/wp\/v2\/types\/page"}],"author":[{"embeddable":true,"href":"https:\/\/obralift.net\/en\/wp-json\/wp\/v2\/users\/1"}],"replies":[{"embeddable":true,"href":"https:\/\/obralift.net\/en\/wp-json\/wp\/v2\/comments?post=192"}],"version-history":[{"count":7,"href":"https:\/\/obralift.net\/en\/wp-json\/wp\/v2\/pages\/192\/revisions"}],"predecessor-version":[{"id":201,"href":"https:\/\/obralift.net\/en\/wp-json\/wp\/v2\/pages\/192\/revisions\/201"}],"wp:attachment":[{"href":"https:\/\/obralift.net\/en\/wp-json\/wp\/v2\/media?parent=192"}],"curies":[{"name":"wp","href":"https:\/\/api.w.org\/{rel}","templated":true}]}}